{"id":82,"date":"2014-01-09T22:14:40","date_gmt":"2014-01-09T21:14:40","guid":{"rendered":"http:\/\/ywam.sk\/new\/?page_id=82"},"modified":"2014-01-09T22:14:40","modified_gmt":"2014-01-09T21:14:40","slug":"7-mountains","status":"publish","type":"page","link":"https:\/\/www.ywam.sk\/sk\/changing-society\/7-mountains\/","title":{"rendered":"7 Mountains"},"content":{"rendered":"<p><strong>&#8222;7 vrchov&#8220;, sf\u00e9r vplyvu alebo oblast\u00ed, ktor\u00e9 najviac ovplyvn\u030cuj\u00fa spoloc\u030cnost\u030c\u00a0a ktor\u00e9 formuj\u00fa sp\u00f4sob ak\u00fdm \u017eivot vn\u00edmame, rozhodujeme sa o \u0148om a n\u00e1sledne ho \u017eijeme.<\/strong><\/p>\n<p><strong>Medzi 7 vrchov patr\u00ed:<\/strong><\/p>\n<ul>\n<li>umenie\/z\u00e1bava\/\u0161port<\/li>\n<li>podnikanie\/ekonomika<\/li>\n<li>vzdel\u00e1vanie<\/li>\n<li>rodina<\/li>\n<li>vl\u00e1da<\/li>\n<li>m\u00e9di\u00e1<\/li>\n<li>n\u00e1bo\u017eenstvo<\/li>\n<\/ul>\n<p>Sna\u017e\u00edme sa, aby boli Bo\u017eie princ\u00edpy aplikovan\u00e9 do jednotliv\u00fdch oblast\u00ed\u2028 a postupne pozit\u00edvne ovplyv\u0148ovali spoloc\u030cnost\u030c.<\/p>\n<p>Ako kres\u0165ania ver\u00edme, \u017ee <strong>v\u0161etka autorita poch\u00e1dza od Boha a \u017ee On ju chce uvies\u0165 do Jeho kr\u00e1\u013eovstva cez partnerstvo s\u00a0\u013eu\u010fmi<\/strong>.\u00a0Boh n\u00e1m dal \u0161pecifick\u00e9 princ\u00edpy v\u00a0Biblii, ktor\u00e9 s\u00favisia s\u00a0ka\u017ed\u00fdm aspektom \u017eivota. Ke\u010f s\u00fa aplikovan\u00e9 spr\u00e1vne, prin\u00e1\u0161aj\u00fa ve\u013ek\u00e9 po\u017eehnanie do spolo\u010dnosti \u00a0a to tak veriacim \u00a0ako aj neveriacim.<\/p>\n<p><strong>Ve\u013ek\u00e9 vyslanie pod\u013ea\u00a0 Mat\u00fa\u0161a 28: 19 n\u00e1m hovor\u00ed: <em>\u201eCho\u010fte teda, u\u010dte v\u0161etky n\u00e1rody a\u00a0krstite ich v\u00a0mene Otca i\u00a0Syna i\u00a0Ducha Sv\u00e4t\u00e9ho.\u201c<\/em><\/strong><\/p>\n<p>Ako kres\u0165ania vieme, ako u\u010di\u0165 jednotlivcov, ale prik\u00e1zanie sa t\u00fdka cel\u00fdch n\u00e1rodov.\u00a0Preto YWAM vytvoril <a title=\"UofN\" href=\"http:\/\/www.uofnkona.edu\/\" target=\"_blank\" rel=\"noopener\">University of the Nations<\/a>, so 7 fakultami, aby boli kres\u0165ania profesion\u00e1lne pripraven\u00ed tak, \u017ee bud\u00fa m\u00f4c\u0165 prin\u00e1\u0161a\u0165 <strong>pozit\u00edvnu\u00a0zmenu do ka\u017edej oblasti spolo\u010dnosti<\/strong>.<\/p>\n<p>Ako <strong>YWAM Slovensko sme rozbehli\u00a0 nieko\u013eko n\u00e1rodn\u00fdch skup\u00edn podnikate\u013eov, politikov, a \u013eud\u00ed zapojen\u00fdch v r\u00f4znych oblastiach. <\/strong>Pravidelne sa stret\u00e1vaj\u00fa, aby sa nau\u010dili, ak\u00e9 s\u00fa Biblick\u00e9 princ\u00edpy v\u00a0ich pr\u00e1ci a osobnom \u017eivote a vytvorili strat\u00e9gie, ktor\u00e9 pom\u00f4\u017eu prinies\u0165 pozit\u00edvne zmeny do ich oblasti vplyvu.<\/p>\n<p><iframe src=\"http:\/\/player.vimeo.com\/video\/88355606\" width=\"425\" height=\"350\" frameborder=\"0\"><\/iframe><\/p>","protected":false},"excerpt":{"rendered":"<p>&#8222;7 vrchov&#8220;, sf\u00e9r vplyvu alebo oblast\u00ed, ktor\u00e9 najviac ovplyvn\u030cuj\u00fa spoloc\u030cnost\u030c\u00a0a ktor\u00e9 formuj\u00fa sp\u00f4sob ak\u00fdm \u017eivot vn\u00edmame, rozhodujeme sa o \u0148om a n\u00e1sledne ho \u017eijeme. Medzi 7 vrchov patr\u00ed: umenie\/z\u00e1bava\/\u0161port podnikanie\/ekonomika vzdel\u00e1vanie rodina vl\u00e1da m\u00e9di\u00e1 n\u00e1bo\u017eenstvo Sna\u017e\u00edme sa, aby boli Bo\u017eie princ\u00edpy aplikovan\u00e9 do jednotliv\u00fdch oblast\u00ed\u2028 a postupne pozit\u00edvne ovplyv\u0148ovali spoloc\u030cnost\u030c. Ako kres\u0165ania ver\u00edme, \u017ee v\u0161etka [&hellip;]<\/p>\n","protected":false},"author":2,"featured_media":0,"parent":80,"menu_order":18,"comment_status":"closed","ping_status":"closed","template":"","meta":{"footnotes":""},"class_list":["post-82","page","type-page","status-publish","hentry"],"aioseo_notices":[],"_links":{"self":[{"href":"https:\/\/www.ywam.sk\/sk\/wp-json\/wp\/v2\/pages\/82"}],"collection":[{"href":"https:\/\/www.ywam.sk\/sk\/wp-json\/wp\/v2\/pages"}],"about":[{"href":"https:\/\/www.ywam.sk\/sk\/wp-json\/wp\/v2\/types\/page"}],"author":[{"embeddable":true,"href":"https:\/\/www.ywam.sk\/sk\/wp-json\/wp\/v2\/users\/2"}],"replies":[{"embeddable":true,"href":"https:\/\/www.ywam.sk\/sk\/wp-json\/wp\/v2\/comments?post=82"}],"version-history":[{"count":0,"href":"https:\/\/www.ywam.sk\/sk\/wp-json\/wp\/v2\/pages\/82\/revisions"}],"up":[{"embeddable":true,"href":"https:\/\/www.ywam.sk\/sk\/wp-json\/wp\/v2\/pages\/80"}],"wp:attachment":[{"href":"https:\/\/www.ywam.sk\/sk\/wp-json\/wp\/v2\/media?parent=82"}],"curies":[{"name":"wp","href":"https:\/\/api.w.org\/{rel}","templated":true}]}}