{"id":33,"date":"2014-01-09T21:27:42","date_gmt":"2014-01-09T20:27:42","guid":{"rendered":"http:\/\/ywam.sk\/new\/?page_id=33"},"modified":"2022-02-15T13:16:35","modified_gmt":"2022-02-15T12:16:35","slug":"lucatin-center","status":"publish","type":"page","link":"https:\/\/www.ywam.sk\/sk\/lucatin\/lucatin-center\/","title":{"rendered":"Stredisko YWAM Lu\u010dat\u00edn"},"content":{"rendered":"<p>Stredisko YWAM Lu\u010dat\u00edn je v s\u00fa\u010dasnosti hlavn\u00fdm centrom p\u00f4sobenia YWAM.<\/p>\n<p>Ukryt\u00e9 medzi kopcami priamo v srdci Slovenska, v bl\u00edzkosti obce Lurat\u00edn, toto zariadenie \u017eije na\u0161imi aktivitami.<\/p>\n<p><strong>N\u00e1jdete tu<\/strong>:<\/p>\n<ul>\n<li>hlavn\u00fa budovu s kuchy\u0148ou a jed\u00e1l\u0148ou, konferen\u010dn\u00fa miestnos\u0165 a ubytovanie pre pribli\u017ene 60 \u013eud\u00ed<\/li>\n<li>\u0161es\u0165 drevenn\u00fdch ch\u00e1t<\/li>\n<li>p\u00f4vodn\u00fa drevenn\u00fa budovu<\/li>\n<li>kancel\u00e1rie<\/li>\n<li>z\u00e1hrady<\/li>\n<li>\u0161portov\u00e9 vyu\u017eitie<\/li>\n<\/ul>\n<p><\/p>","protected":false},"excerpt":{"rendered":"<p>Stredisko YWAM Lu\u010dat\u00edn je v s\u00fa\u010dasnosti hlavn\u00fdm centrom p\u00f4sobenia YWAM. Ukryt\u00e9 medzi kopcami priamo v srdci Slovenska, v bl\u00edzkosti obce Lurat\u00edn, toto zariadenie \u017eije na\u0161imi aktivitami. N\u00e1jdete tu: hlavn\u00fa budovu s kuchy\u0148ou a jed\u00e1l\u0148ou, konferen\u010dn\u00fa miestnos\u0165 a ubytovanie pre pribli\u017ene 60 \u013eud\u00ed \u0161es\u0165 drevenn\u00fdch ch\u00e1t p\u00f4vodn\u00fa drevenn\u00fa budovu kancel\u00e1rie z\u00e1hrady \u0161portov\u00e9 vyu\u017eitie<\/p>\n","protected":false},"author":2,"featured_media":0,"parent":13231,"menu_order":48,"comment_status":"closed","ping_status":"closed","template":"","meta":{"footnotes":""},"class_list":["post-33","page","type-page","status-publish","hentry"],"aioseo_notices":[],"_links":{"self":[{"href":"https:\/\/www.ywam.sk\/sk\/wp-json\/wp\/v2\/pages\/33"}],"collection":[{"href":"https:\/\/www.ywam.sk\/sk\/wp-json\/wp\/v2\/pages"}],"about":[{"href":"https:\/\/www.ywam.sk\/sk\/wp-json\/wp\/v2\/types\/page"}],"author":[{"embeddable":true,"href":"https:\/\/www.ywam.sk\/sk\/wp-json\/wp\/v2\/users\/2"}],"replies":[{"embeddable":true,"href":"https:\/\/www.ywam.sk\/sk\/wp-json\/wp\/v2\/comments?post=33"}],"version-history":[{"count":1,"href":"https:\/\/www.ywam.sk\/sk\/wp-json\/wp\/v2\/pages\/33\/revisions"}],"predecessor-version":[{"id":13420,"href":"https:\/\/www.ywam.sk\/sk\/wp-json\/wp\/v2\/pages\/33\/revisions\/13420"}],"up":[{"embeddable":true,"href":"https:\/\/www.ywam.sk\/sk\/wp-json\/wp\/v2\/pages\/13231"}],"wp:attachment":[{"href":"https:\/\/www.ywam.sk\/sk\/wp-json\/wp\/v2\/media?parent=33"}],"curies":[{"name":"wp","href":"https:\/\/api.w.org\/{rel}","templated":true}]}}