{"id":27,"date":"2014-01-09T01:27:24","date_gmt":"2014-01-09T00:27:24","guid":{"rendered":"http:\/\/ywam.sk\/new\/?page_id=27"},"modified":"2022-02-15T12:53:11","modified_gmt":"2022-02-15T11:53:11","slug":"links","status":"publish","type":"page","link":"https:\/\/www.ywam.sk\/sk\/about-us\/links\/","title":{"rendered":"Linky na str\u00e1nky"},"content":{"rendered":"<p><\/p>\n<h3><a href=\"http:\/\/www.ywam.org\/\" target=\"_blank\" rel=\"noopener\">YWAM International (medzin\u00e1rodn\u00e1 str\u00e1nka YWAM)<\/a><\/h3>\n<h3><a href=\"http:\/\/www.ywamce.com\/\" target=\"_blank\" rel=\"noopener\">YWAM Central Europe<\/a> (YWAM v strednej Eur\u00f3pe)<\/h3>\n<h3><a href=\"https:\/\/kki.global\/\" target=\"_blank\" rel=\"noopener\">King&#8217;s Kids<\/a> (slu\u017eba YWAM zameran\u00e1 na deti a ml\u00e1de\u017e)<\/h3>\n<h3><a href=\"https:\/\/ywamce.com\/kings-kids\/\" target=\"_blank\" rel=\"noopener\">King&#8217;s Kids Central Europe<\/a> \u00a0(YWAM v strednej Eur\u00f3pe)<\/h3>\n<h3><\/h3>\n<h3><a href=\"http:\/\/www.kteams.org\/\" target=\"_blank\" rel=\"noopener\">T\u00edmy Kerygma<\/a> (slu\u017eba YWAM zameran\u00e1 pre katol\u00edkov)<\/h3>\n<h3><a href=\"https:\/\/www.ywam-fmi.org\/\" target=\"_blank\" rel=\"noopener\">Slu\u017eba Rodin\u00e1m<\/a>\u00a0(slu\u017eba YWAM)<\/h3>\n<h3><a href=\"http:\/\/www.uofn.edu\/\" target=\"_blank\" rel=\"noopener\">YWAM Univerzita N\u00e1rodov<\/a>\u00a0 (glob\u00e1lna univerzita YWAM)<\/h3>\n<p><\/p>","protected":false},"excerpt":{"rendered":"<p>YWAM International (medzin\u00e1rodn\u00e1 str\u00e1nka YWAM) YWAM Central Europe (YWAM v strednej Eur\u00f3pe) King&#8217;s Kids (slu\u017eba YWAM zameran\u00e1 na deti a ml\u00e1de\u017e) King&#8217;s Kids Central Europe \u00a0(YWAM v strednej Eur\u00f3pe) T\u00edmy Kerygma (slu\u017eba YWAM zameran\u00e1 pre katol\u00edkov) Slu\u017eba Rodin\u00e1m\u00a0(slu\u017eba YWAM) YWAM Univerzita N\u00e1rodov\u00a0 (glob\u00e1lna univerzita YWAM)<\/p>\n","protected":false},"author":2,"featured_media":0,"parent":120,"menu_order":34,"comment_status":"closed","ping_status":"closed","template":"","meta":{"footnotes":""},"class_list":["post-27","page","type-page","status-publish","hentry"],"aioseo_notices":[],"_links":{"self":[{"href":"https:\/\/www.ywam.sk\/sk\/wp-json\/wp\/v2\/pages\/27"}],"collection":[{"href":"https:\/\/www.ywam.sk\/sk\/wp-json\/wp\/v2\/pages"}],"about":[{"href":"https:\/\/www.ywam.sk\/sk\/wp-json\/wp\/v2\/types\/page"}],"author":[{"embeddable":true,"href":"https:\/\/www.ywam.sk\/sk\/wp-json\/wp\/v2\/users\/2"}],"replies":[{"embeddable":true,"href":"https:\/\/www.ywam.sk\/sk\/wp-json\/wp\/v2\/comments?post=27"}],"version-history":[{"count":6,"href":"https:\/\/www.ywam.sk\/sk\/wp-json\/wp\/v2\/pages\/27\/revisions"}],"predecessor-version":[{"id":13412,"href":"https:\/\/www.ywam.sk\/sk\/wp-json\/wp\/v2\/pages\/27\/revisions\/13412"}],"up":[{"embeddable":true,"href":"https:\/\/www.ywam.sk\/sk\/wp-json\/wp\/v2\/pages\/120"}],"wp:attachment":[{"href":"https:\/\/www.ywam.sk\/sk\/wp-json\/wp\/v2\/media?parent=27"}],"curies":[{"name":"wp","href":"https:\/\/api.w.org\/{rel}","templated":true}]}}