{"id":25,"date":"2014-01-09T01:25:04","date_gmt":"2014-01-09T00:25:04","guid":{"rendered":"http:\/\/ywam.sk\/new\/?page_id=25"},"modified":"2014-01-09T01:25:04","modified_gmt":"2014-01-09T00:25:04","slug":"kerygma-team","status":"publish","type":"page","link":"https:\/\/www.ywam.sk\/sk\/about-us\/kerygma-team\/","title":{"rendered":"Kerygma Team"},"content":{"rendered":"<p>Jedna z mnoh\u00fdch vetiev Ml\u00e1de\u017ee s misiou (YWAM) sa naz\u00fdva Kerygma Teams.<\/p>\n<p>\u201eKerygma\u201c znamen\u00e1 \u201ehl\u00e1sanie radostnej zvesti Je\u017ei\u0161a Krista\u201c a je to pojem, ktor\u00fd sa pou\u017e\u00edva najm\u00e4 v katol\u00edckych kruhoch.<\/p>\n<p>V roku 1965 po tom, \u010do zasadol Vatik\u00e1n II, posledn\u00fd koncil katol\u00edckej cirkvi, do\u0161lo k neuverite\u013en\u00fdm zmen\u00e1m a Duch Sv\u00e4t\u00fd bol nov\u00fdm sp\u00f4sobom vyliaty v katol\u00edckej cirkvi. Odhaduje sa, \u017ee pribli\u017ene 10% v\u0161etk\u00fdch katol\u00edkov na celom svete bolo dotknut\u00fdch Duchom Sv\u00e4t\u00fdm a vst\u00fapilo do osobn\u00e9ho vz\u0165ahu s Je\u017ei\u0161om Kristom. Mnoh\u00ed z nich vytvorili modlitebn\u00e9 skupiny a\/alebo spolo\u010denstv\u00e1, kde sa stret\u00e1vaj\u00fa na chv\u00e1lach, vyu\u010dovan\u00ed, spolo\u010denstve a modlitb\u00e1ch. \u010casto s\u00fa zap\u00e1len\u00ed pre evanjeliz\u00e1ciu a podie\u013eaj\u00fa sa na tom, k \u010domu predo\u0161l\u00fd p\u00e1pe\u017e J\u00e1n Pavol II vyz\u00fdval\u00a0 \u201enov\u00e1 evanjeliz\u00e1cia katol\u00edckej cirkvi\u201c. Na Slovensku existuj\u00fa stovky katol\u00edckych modlitebn\u00fdch skup\u00edn a YWAM Slovensko sl\u00fa\u017ei v mnoh\u00fdch z nich prostredn\u00edctvom vyu\u010dovania, u\u010den\u00edctva a poradenstva.<\/p>\n<p>\u0160kola u\u010den\u00edctva (DTS) na Slovensku je preto otvoren\u00e1 aj pre \u010dlenov a \u0161tudentov z katol\u00edckych kruhov, ktor\u00ed maj\u00fa osobn\u00fd vz\u0165ah s Je\u017ei\u0161om Kristom.<\/p>\n<p>Bli\u017e\u0161ie inform\u00e1cie n\u00e1jdete na internetovej str\u00e1nke Kerygma Teams:\u00a0<a id=\"Text129Link1\" href=\"http:\/\/www.kteams.org\/\" target=\"_blank\" rel=\"noopener\">www.kteams.org<\/a><\/p>","protected":false},"excerpt":{"rendered":"<p>Jedna z mnoh\u00fdch vetiev Ml\u00e1de\u017ee s misiou (YWAM) sa naz\u00fdva Kerygma Teams. \u201eKerygma\u201c znamen\u00e1 \u201ehl\u00e1sanie radostnej zvesti Je\u017ei\u0161a Krista\u201c a je to pojem, ktor\u00fd sa pou\u017e\u00edva najm\u00e4 v katol\u00edckych kruhoch. V roku 1965 po tom, \u010do zasadol Vatik\u00e1n II, posledn\u00fd koncil katol\u00edckej cirkvi, do\u0161lo k neuverite\u013en\u00fdm zmen\u00e1m a Duch Sv\u00e4t\u00fd bol nov\u00fdm sp\u00f4sobom vyliaty v [&hellip;]<\/p>\n","protected":false},"author":2,"featured_media":0,"parent":120,"menu_order":35,"comment_status":"closed","ping_status":"closed","template":"","meta":{"footnotes":""},"class_list":["post-25","page","type-page","status-publish","hentry"],"aioseo_notices":[],"_links":{"self":[{"href":"https:\/\/www.ywam.sk\/sk\/wp-json\/wp\/v2\/pages\/25"}],"collection":[{"href":"https:\/\/www.ywam.sk\/sk\/wp-json\/wp\/v2\/pages"}],"about":[{"href":"https:\/\/www.ywam.sk\/sk\/wp-json\/wp\/v2\/types\/page"}],"author":[{"embeddable":true,"href":"https:\/\/www.ywam.sk\/sk\/wp-json\/wp\/v2\/users\/2"}],"replies":[{"embeddable":true,"href":"https:\/\/www.ywam.sk\/sk\/wp-json\/wp\/v2\/comments?post=25"}],"version-history":[{"count":0,"href":"https:\/\/www.ywam.sk\/sk\/wp-json\/wp\/v2\/pages\/25\/revisions"}],"up":[{"embeddable":true,"href":"https:\/\/www.ywam.sk\/sk\/wp-json\/wp\/v2\/pages\/120"}],"wp:attachment":[{"href":"https:\/\/www.ywam.sk\/sk\/wp-json\/wp\/v2\/media?parent=25"}],"curies":[{"name":"wp","href":"https:\/\/api.w.org\/{rel}","templated":true}]}}