{"id":13852,"date":"2024-02-01T10:10:38","date_gmt":"2024-02-01T09:10:38","guid":{"rendered":"https:\/\/www.ywam.sk\/?page_id=13852"},"modified":"2026-02-17T12:30:30","modified_gmt":"2026-02-17T11:30:30","slug":"dobrodruzstvo-s-otcom","status":"publish","type":"page","link":"https:\/\/www.ywam.sk\/sk\/dobrodruzstvo-s-otcom\/","title":{"rendered":"Dobrodru\u017estvo s Otcom"},"content":{"rendered":"<p><div class=\"fusion-fullwidth fullwidth-box fusion-builder-row-1 fusion-flex-container nonhundred-percent-fullwidth non-hundred-percent-height-scrolling\" style=\"--awb-border-radius-top-left:0px;--awb-border-radius-top-right:0px;--awb-border-radius-bottom-right:0px;--awb-border-radius-bottom-left:0px;--awb-flex-wrap:wrap;\" ><div class=\"fusion-builder-row fusion-row fusion-flex-align-items-flex-start fusion-flex-content-wrap\" style=\"max-width:1066px;margin-left: calc(-4% \/ 2 );margin-right: calc(-4% \/ 2 );\"><div class=\"fusion-layout-column fusion_builder_column fusion-builder-column-0 fusion_builder_column_1_1 1_1 fusion-flex-column\" style=\"--awb-bg-size:cover;--awb-width-large:100%;--awb-margin-top-large:0px;--awb-spacing-right-large:1.92%;--awb-margin-bottom-large:0px;--awb-spacing-left-large:1.92%;--awb-width-medium:100%;--awb-spacing-right-medium:1.92%;--awb-spacing-left-medium:1.92%;--awb-width-small:100%;--awb-spacing-right-small:1.92%;--awb-spacing-left-small:1.92%;\"><div class=\"fusion-column-wrapper fusion-flex-justify-content-flex-start fusion-content-layout-column\"><div class=\"fusion-text fusion-text-1\"><p><em>Otcovia, viete po \u010dom t\u00fa\u017ei va\u0161e die\u0165a?<\/em><\/p>\n<p>Niektor\u00e9 odpovede by v\u00e1s mo\u017eno rozosmiali, in\u00e9 zase prin\u00fatili k zamysleniu&#8230;<\/p>\n<p><em><strong>Dobrodru\u017estvo s Otcom<\/strong><\/em> je v\u00edkendov\u00fd program v pr\u00edrode ur\u010den\u00fd pre otca a jeho dospievaj\u00faceho syna alebo dc\u00e9ru vo veku od 10 do 14 rokov.<\/p>\n<p><img decoding=\"async\" class=\"alignnone wp-image-14051\" src=\"https:\/\/www.ywam.sk\/wp-content\/uploads\/2026\/02\/Otec_a_syn2025.png\" alt=\"\" width=\"463\" height=\"593\" srcset=\"https:\/\/www.ywam.sk\/wp-content\/uploads\/2026\/02\/Otec_a_syn2025-200x256.png 200w, https:\/\/www.ywam.sk\/wp-content\/uploads\/2026\/02\/Otec_a_syn2025-234x300.png 234w, https:\/\/www.ywam.sk\/wp-content\/uploads\/2026\/02\/Otec_a_syn2025-400x513.png 400w, https:\/\/www.ywam.sk\/wp-content\/uploads\/2026\/02\/Otec_a_syn2025-600x769.png 600w, https:\/\/www.ywam.sk\/wp-content\/uploads\/2026\/02\/Otec_a_syn2025-768x984.png 768w, https:\/\/www.ywam.sk\/wp-content\/uploads\/2026\/02\/Otec_a_syn2025-800x1025.png 800w, https:\/\/www.ywam.sk\/wp-content\/uploads\/2026\/02\/Otec_a_syn2025.png 859w\" sizes=\"(max-width: 463px) 100vw, 463px\" \/><\/p>\n<p>Je zameran\u00fd na preh\u013abenie vz\u00e1jomn\u00e9ho vz\u0165ahu v n\u00e1ro\u010dnom obdob\u00ed dospievania, kedy nielen t\u00edned\u017eer h\u013ead\u00e1 svoju cestu ale \u010dastokr\u00e1t aj otec h\u013ead\u00e1 sp\u00f4sob ako najlep\u0161ie porozumie\u0165 svojmu skoro-dospel\u00e1kovi.<\/p>\n<p>Je to v\u00edkend, v ktorom nech\u00fdba dobrodru\u017estvo, v\u00fdzvy na spolo\u010dn\u00e9 prekonanie prek\u00e1\u017eok a tie\u017e mno\u017estvo z\u00e1bavy. Zamysl\u00edme sa aj spolu nad t\u00fdm, ako cel\u00e9 toto obdobie vid\u00ed Boh a ak\u00e9 s\u00fa Jeho odpor\u00fa\u010dania pre vz\u0165ah otec-syn, \u010di otec-dc\u00e9ra.<\/p>\n<p>Sk\u00fasenosti n\u00e1m hovoria, \u017ee obohaten\u00e1 odch\u00e1dza ka\u017ed\u00e1 dvojica a dobrodru\u017en\u00e9 povahy si to doslova u\u017eij\u00fa. V\u00edkend nesie v sebe ur\u010dit\u00e9 prekvapenia a tak trocha je zahalen\u00fd r\u00fa\u0161kom tajomstva &#8230; \u263a<\/p>\n<p>Mo\u017eno stoj\u00ed za to vysk\u00fa\u0161a\u0165 a za\u017ei\u0165 nie\u010do v tejto jedine\u010dnej zostave. \u010co teda poviete na tak\u00fdto <strong>n<\/strong><b>ezabudnute\u013en\u00fd v\u00edkend vo dvojici<\/b>?<\/p>\n<h5 class=\"fusion-responsive-typography-calculated\" style=\"--fontsize: 34; line-height: 1.44; --minfontsize: 34;\" data-fontsize=\"34\" data-lineheight=\"48.96px\"><b>V\u00edkend Dobrodru\u017estvo s otcom<\/b><\/h5>\n<ul>\n<li>je ur\u010den\u00fd pre otca a jedno z jeho det\u00ed vo veku 10-14 rokov<\/li>\n<li>nech\u00fdba v \u0148om dobrodru\u017estvo, nap\u00e4tie, spolupr\u00e1ca ani z\u00e1bava<\/li>\n<li>prin\u00e1\u0161a nov\u00e9 podnety aj v\u00fdzvy<\/li>\n<li>pom\u00e1ha lep\u0161ie porozumie\u0165 otcovstvu a tie\u017e hlb\u0161ie pozna\u0165 Boha ako Otca<\/li>\n<\/ul>\n<p>M\u00f4\u017ee by\u0165 pre v\u00e1s prekvapen\u00edm, ke\u010f zist\u00edte, \u017ee s\u00fa oblasti a situ\u00e1cie, v ktor\u00fdch v\u00e1s va\u0161e dospievaj\u00face die\u0165a naozaj obdivuje. Dajte mu k tomu pr\u00edle\u017eitos\u0165!<\/p>\n<p>Tento rok m\u00e1me pre v\u00e1s pripraven\u00fd:<\/p>\n<ul>\n<li>jeden v\u00edkend pre otcov a synov pred letom v term\u00edne <strong>5.-7.j\u00fana 2026<\/strong><\/li>\n<li>jeden v\u00edkend pre otcov a dc\u00e9ry na jese\u0148 v term\u00edne <strong>11.-13.september 2026<\/strong><\/li>\n<\/ul>\n<p>Podrobnej\u0161ie inform\u00e1cie a link na najbli\u017e\u0161iu registr\u00e1ciu zv\u00e4\u010d\u0161a rozosielame nieko\u013eko t\u00fd\u017ed\u0148ov pred pl\u00e1novan\u00fdm v\u00edkendom.<br \/>\nViac podrobnost\u00ed si m\u00f4\u017eete vy\u017eiada\u0165 aj cez formul\u00e1r ni\u017e\u0161ie<\/p>\n<\/div><div class=\"fusion-builder-row fusion-builder-row-inner fusion-row fusion-flex-align-items-flex-start fusion-flex-content-wrap\" style=\"width:104% !important;max-width:104% !important;margin-left: calc(-4% \/ 2 );margin-right: calc(-4% \/ 2 );\"><div class=\"fusion-layout-column fusion_builder_column_inner fusion-builder-nested-column-0 fusion_builder_column_inner_1_4 1_4 fusion-flex-column\" style=\"--awb-bg-size:cover;--awb-width-large:25%;--awb-margin-top-large:0px;--awb-spacing-right-large:7.68%;--awb-margin-bottom-large:0px;--awb-spacing-left-large:7.68%;--awb-width-medium:100%;--awb-order-medium:0;--awb-spacing-right-medium:1.92%;--awb-spacing-left-medium:1.92%;--awb-width-small:100%;--awb-order-small:0;--awb-spacing-right-small:1.92%;--awb-spacing-left-small:1.92%;\"><div class=\"fusion-column-wrapper fusion-column-has-shadow fusion-flex-justify-content-flex-start fusion-content-layout-column\"><\/div><\/div><div class=\"fusion-layout-column fusion_builder_column_inner fusion-builder-nested-column-1 fusion_builder_column_inner_1_2 1_2 fusion-flex-column\" style=\"--awb-padding-top:20px;--awb-padding-right:20px;--awb-padding-bottom:20px;--awb-padding-left:20px;--awb-bg-color:#d6d6d6;--awb-bg-color-hover:#d6d6d6;--awb-bg-size:cover;--awb-width-large:50%;--awb-margin-top-large:20px;--awb-spacing-right-large:3.84%;--awb-margin-bottom-large:20px;--awb-spacing-left-large:3.84%;--awb-width-medium:100%;--awb-order-medium:0;--awb-spacing-right-medium:1.92%;--awb-spacing-left-medium:1.92%;--awb-width-small:100%;--awb-order-small:0;--awb-spacing-right-small:1.92%;--awb-spacing-left-small:1.92%;\"><div class=\"fusion-column-wrapper fusion-column-has-shadow fusion-flex-justify-content-flex-start fusion-content-layout-column\"><div class=\"fusion-text fusion-text-2\"><h4>Kontaktn\u00fd formul\u00e1r<\/h4>\n<\/div><div class=\"fusion-form fusion-form-builder fusion-form-form-wrapper fusion-form-13851\" style=\"--awb-tooltip-text-color:#ffffff;--awb-tooltip-background-color:#333333;--awb-form-placeholder-color:rgba(71,71,71,0.5);--awb-form-text-color:#474747;\" data-form-id=\"13851\" data-config=\"{&quot;form_id&quot;:&quot;13851&quot;,&quot;form_post_id&quot;:&quot;13851&quot;,&quot;post_id&quot;:13852,&quot;form_type&quot;:&quot;ajax&quot;,&quot;confirmation_type&quot;:&quot;message&quot;,&quot;redirect_url&quot;:&quot;&quot;,&quot;field_labels&quot;:{&quot;first_name&quot;:&quot;Name&quot;,&quot;email_address&quot;:&quot;Email address&quot;,&quot;subject&quot;:&quot;Subject&quot;,&quot;message&quot;:&quot;Message&quot;},&quot;field_logics&quot;:{&quot;first_name&quot;:&quot;&quot;,&quot;email_address&quot;:&quot;&quot;,&quot;subject&quot;:&quot;&quot;,&quot;message&quot;:&quot;&quot;,&quot;notice_1&quot;:&quot;&quot;,&quot;notice_2&quot;:&quot;&quot;},&quot;field_types&quot;:{&quot;first_name&quot;:&quot;text&quot;,&quot;email_address&quot;:&quot;email&quot;,&quot;subject&quot;:&quot;text&quot;,&quot;message&quot;:&quot;textarea&quot;,&quot;notice_1&quot;:&quot;notice&quot;,&quot;submit_1&quot;:&quot;submit&quot;,&quot;notice_2&quot;:&quot;notice&quot;,&quot;submit_2&quot;:&quot;submit&quot;},&quot;nonce_method&quot;:&quot;ajax&quot;}\"><form action=\"https:\/\/www.ywam.sk\/sk\/dobrodruzstvo-s-otcom\/\" method=\"post\" class=\"fusion-form fusion-form-13851\"><div class=\"fusion-fullwidth fullwidth-box fusion-builder-row-1-1 fusion-flex-container nonhundred-percent-fullwidth non-hundred-percent-height-scrolling\" style=\"--awb-border-radius-top-left:0px;--awb-border-radius-top-right:0px;--awb-border-radius-bottom-right:0px;--awb-border-radius-bottom-left:0px;--awb-flex-wrap:wrap;\" ><div class=\"fusion-builder-row fusion-row fusion-flex-align-items-flex-start fusion-flex-content-wrap\" style=\"width:103% !important;max-width:103% !important;margin-left: calc(-3% \/ 2 );margin-right: calc(-3% \/ 2 );\"><div class=\"fusion-layout-column fusion_builder_column fusion-builder-column-1 fusion_builder_column_1_1 1_1 fusion-flex-column\" style=\"--awb-bg-size:cover;--awb-width-large:100%;--awb-margin-top-large:0px;--awb-spacing-right-large:1.455%;--awb-margin-bottom-large:0px;--awb-spacing-left-large:1.455%;--awb-width-medium:100%;--awb-order-medium:0;--awb-spacing-right-medium:1.455%;--awb-spacing-left-medium:1.455%;--awb-width-small:100%;--awb-order-small:0;--awb-spacing-right-small:1.455%;--awb-spacing-left-small:1.455%;\"><div class=\"fusion-column-wrapper fusion-column-has-shadow fusion-flex-justify-content-flex-start fusion-content-layout-column\"><div class=\"fusion-form-field fusion-form-text-field fusion-form-label-above\" style=\"\" data-form-id=\"13851\"><div class=\"fusion-form-label-wrapper\"><label for=\"first_name\">Meno <abbr class=\"fusion-form-element-required\" title=\"required\">*<\/abbr><\/label><\/div><input type=\"text\" name=\"first_name\" id=\"first_name\" value=\"\"  class=\"fusion-form-input\" required=\"true\" aria-required=\"true\" data-holds-private-data=\"false\" minlength=\"0\"\/><\/div><div class=\"fusion-form-field fusion-form-email-field fusion-form-label-above\" style=\"\" data-form-id=\"13851\"><div class=\"fusion-form-label-wrapper\"><label for=\"email_address\">Email <abbr class=\"fusion-form-element-required\" title=\"required\">*<\/abbr><\/label><\/div><input type=\"email\" name=\"email_address\" id=\"email_address\" value=\"\"  class=\"fusion-form-input\" required=\"true\" aria-required=\"true\" data-holds-private-data=\"false\"\/><\/div><div class=\"fusion-form-field fusion-form-text-field fusion-form-label-above\" style=\"\" data-form-id=\"13851\"><div class=\"fusion-form-label-wrapper\"><label for=\"subject\">Predmet<\/label><\/div><input type=\"text\" name=\"subject\" id=\"subject\" value=\"\"  class=\"fusion-form-input\" data-holds-private-data=\"false\" minlength=\"0\"\/><\/div><div class=\"fusion-form-field fusion-form-textarea-field fusion-form-label-above\" style=\"\" data-form-id=\"13851\"><label for=\"message\">Spr\u00e1va <abbr class=\"fusion-form-element-required\" title=\"required\">*<\/abbr><\/label><textarea cols=\"40\"  minlength=\"0\"  rows=\"4\" tabindex=\"\" id=\"message\" name=\"message\" class=\"fusion-form-input\" required=\"true\" aria-required=\"true\" data-holds-private-data=\"false\"><\/textarea><\/div><div class=\"form-submission-notices data-notice_1\" id=\"fusion-notices-1\"><div class=\"fusion-alert alert success alert-success fusion-alert-center fusion-form-response fusion-form-response-success awb-alert-native-link-color alert-dismissable awb-alert-close-boxed\" role=\"alert\"><div class=\"fusion-alert-content-wrapper\"><span class=\"alert-icon\"><i class=\"awb-icon-check-circle\" aria-hidden=\"true\"><\/i><\/span><span class=\"fusion-alert-content\">\u010eakujeme za va\u0161u spr\u00e1vu.<\/span><\/div><button type=\"button\" class=\"close toggle-alert\" data-dismiss=\"alert\" aria-label=\"Close\">&times;<\/button><\/div><div class=\"fusion-alert alert error alert-danger fusion-alert-center fusion-form-response fusion-form-response-error awb-alert-native-link-color alert-dismissable awb-alert-close-boxed\" role=\"alert\"><div class=\"fusion-alert-content-wrapper\"><span class=\"alert-icon\"><i class=\"awb-icon-exclamation-triangle\" aria-hidden=\"true\"><\/i><\/span><span class=\"fusion-alert-content\">Pri odosielan\u00ed va\u0161ej spr\u00e1vy sa vyskytla chyba. Pros\u00edm sk\u00faste e\u0161te raz.<\/span><\/div><button type=\"button\" class=\"close toggle-alert\" data-dismiss=\"alert\" aria-label=\"Close\">&times;<\/button><\/div><\/div><div class=\"fusion-form-field fusion-form-submit-field fusion-form-label-above\" style=\"\" data-form-id=\"13851\"><div ><button type=\"submit\" class=\"fusion-button button-flat fusion-button-default-size button-default fusion-button-default button-1 fusion-button-default-span  form-form-submit button-default\" data-form-number=\"13851\" tabindex=\"\"><span class=\"fusion-button-text\">Odosla\u0165<\/span><\/button><\/div><\/div><\/div><\/div><\/div><\/div><\/form><\/div><\/div><\/div><div class=\"fusion-layout-column fusion_builder_column_inner fusion-builder-nested-column-2 fusion_builder_column_inner_1_4 1_4 fusion-flex-column\" style=\"--awb-bg-size:cover;--awb-width-large:25%;--awb-margin-top-large:0px;--awb-spacing-right-large:7.68%;--awb-margin-bottom-large:0px;--awb-spacing-left-large:7.68%;--awb-width-medium:100%;--awb-order-medium:0;--awb-spacing-right-medium:1.92%;--awb-spacing-left-medium:1.92%;--awb-width-small:100%;--awb-order-small:0;--awb-spacing-right-small:1.92%;--awb-spacing-left-small:1.92%;\"><div class=\"fusion-column-wrapper fusion-column-has-shadow fusion-flex-justify-content-flex-start fusion-content-layout-column\"><\/div><\/div><\/div><\/div><\/div><\/div><\/div><div class=\"fusion-fullwidth fullwidth-box fusion-builder-row-3-1 fusion-flex-container nonhundred-percent-fullwidth non-hundred-percent-height-scrolling\" style=\"--awb-border-radius-top-left:0px;--awb-border-radius-top-right:0px;--awb-border-radius-bottom-right:0px;--awb-border-radius-bottom-left:0px;--awb-flex-wrap:wrap;\" ><div class=\"fusion-builder-row fusion-row fusion-flex-align-items-flex-start fusion-flex-content-wrap\" style=\"width:103% !important;max-width:103% !important;margin-left: calc(-3% \/ 2 );margin-right: calc(-3% \/ 2 );\"><div class=\"fusion-layout-column fusion_builder_column fusion-builder-column-5 fusion_builder_column_1_1 1_1 fusion-flex-column\" style=\"--awb-bg-size:cover;--awb-width-large:100%;--awb-margin-top-large:0px;--awb-spacing-right-large:1.455%;--awb-margin-bottom-large:0px;--awb-spacing-left-large:1.455%;--awb-width-medium:100%;--awb-order-medium:0;--awb-spacing-right-medium:1.455%;--awb-spacing-left-medium:1.455%;--awb-width-small:100%;--awb-order-small:0;--awb-spacing-right-small:1.455%;--awb-spacing-left-small:1.455%;\"><div class=\"fusion-column-wrapper fusion-column-has-shadow fusion-flex-justify-content-flex-start fusion-content-layout-column\"><div class=\"fusion-form-field fusion-form-text-field fusion-form-label-above\" style=\"\" data-form-id=\"13851\"><div class=\"fusion-form-label-wrapper\"><label for=\"first_name\">Meno <abbr class=\"fusion-form-element-required\" title=\"required\">*<\/abbr><\/label><\/div><input type=\"text\" name=\"first_name\" id=\"first_name\" value=\"\"  class=\"fusion-form-input\" required=\"true\" aria-required=\"true\" data-holds-private-data=\"false\" minlength=\"0\"\/><\/div><div class=\"fusion-form-field fusion-form-email-field fusion-form-label-above\" style=\"\" data-form-id=\"13851\"><div class=\"fusion-form-label-wrapper\"><label for=\"email_address\">Email <abbr class=\"fusion-form-element-required\" title=\"required\">*<\/abbr><\/label><\/div><input type=\"email\" name=\"email_address\" id=\"email_address\" value=\"\"  class=\"fusion-form-input\" required=\"true\" aria-required=\"true\" data-holds-private-data=\"false\"\/><\/div><div class=\"fusion-form-field fusion-form-text-field fusion-form-label-above\" style=\"\" data-form-id=\"13851\"><div class=\"fusion-form-label-wrapper\"><label for=\"subject\">Predmet<\/label><\/div><input type=\"text\" name=\"subject\" id=\"subject\" value=\"\"  class=\"fusion-form-input\" data-holds-private-data=\"false\" minlength=\"0\"\/><\/div><div class=\"fusion-form-field fusion-form-textarea-field fusion-form-label-above\" style=\"\" data-form-id=\"13851\"><label for=\"message\">Spr\u00e1va <abbr class=\"fusion-form-element-required\" title=\"required\">*<\/abbr><\/label><textarea cols=\"40\"  minlength=\"0\"  rows=\"4\" tabindex=\"\" id=\"message\" name=\"message\" class=\"fusion-form-input\" required=\"true\" aria-required=\"true\" data-holds-private-data=\"false\"><\/textarea><\/div><div class=\"form-submission-notices data-notice_3\" id=\"fusion-notices-3\"><div class=\"fusion-alert alert success alert-success fusion-alert-center fusion-form-response fusion-form-response-success awb-alert-native-link-color alert-dismissable awb-alert-close-boxed\" role=\"alert\"><div class=\"fusion-alert-content-wrapper\"><span class=\"alert-icon\"><i class=\"awb-icon-check-circle\" aria-hidden=\"true\"><\/i><\/span><span class=\"fusion-alert-content\">\u010eakujeme za va\u0161u spr\u00e1vu.<\/span><\/div><button type=\"button\" class=\"close toggle-alert\" data-dismiss=\"alert\" aria-label=\"Close\">&times;<\/button><\/div><div class=\"fusion-alert alert error alert-danger fusion-alert-center fusion-form-response fusion-form-response-error awb-alert-native-link-color alert-dismissable awb-alert-close-boxed\" role=\"alert\"><div class=\"fusion-alert-content-wrapper\"><span class=\"alert-icon\"><i class=\"awb-icon-exclamation-triangle\" aria-hidden=\"true\"><\/i><\/span><span class=\"fusion-alert-content\">Pri odosielan\u00ed va\u0161ej spr\u00e1vy sa vyskytla chyba. Pros\u00edm sk\u00faste e\u0161te raz.<\/span><\/div><button type=\"button\" class=\"close toggle-alert\" data-dismiss=\"alert\" aria-label=\"Close\">&times;<\/button><\/div><\/div><div class=\"fusion-form-field fusion-form-submit-field fusion-form-label-above\" style=\"\" data-form-id=\"13851\"><div ><button type=\"submit\" class=\"fusion-button button-flat fusion-button-default-size button-default fusion-button-default button-3 fusion-button-default-span  form-form-submit button-default\" data-form-number=\"13851\" tabindex=\"\"><span class=\"fusion-button-text\">Odosla\u0165<\/span><\/button><\/div><\/div><\/div><\/div><\/div><\/div><\/form><\/div><\/div><\/div><div class=\"fusion-layout-column fusion_builder_column_inner fusion-builder-nested-column-5 fusion_builder_column_inner_1_4 1_4 fusion-flex-column\" style=\"--awb-bg-size:cover;--awb-width-large:25%;--awb-margin-top-large:0px;--awb-spacing-right-large:7.68%;--awb-margin-bottom-large:0px;--awb-spacing-left-large:7.68%;--awb-width-medium:100%;--awb-order-medium:0;--awb-spacing-right-medium:1.92%;--awb-spacing-left-medium:1.92%;--awb-width-small:100%;--awb-order-small:0;--awb-spacing-right-small:1.92%;--awb-spacing-left-small:1.92%;\"><div class=\"fusion-column-wrapper fusion-column-has-shadow fusion-flex-justify-content-flex-start fusion-content-layout-column\"><\/div><\/div><\/div><\/div><\/div><\/div><\/div><div class=\"fusion-fullwidth fullwidth-box fusion-builder-row-4 fusion-flex-container nonhundred-percent-fullwidth non-hundred-percent-height-scrolling\" style=\"--awb-border-radius-top-left:0px;--awb-border-radius-top-right:0px;--awb-border-radius-bottom-right:0px;--awb-border-radius-bottom-left:0px;--awb-flex-wrap:wrap;\" ><div class=\"fusion-builder-row fusion-row fusion-flex-align-items-flex-start fusion-flex-content-wrap\" style=\"max-width:1066px;margin-left: calc(-4% \/ 2 );margin-right: calc(-4% \/ 2 );\"><div class=\"fusion-layout-column fusion_builder_column fusion-builder-column-7 fusion_builder_column_1_1 1_1 fusion-flex-column\" style=\"--awb-bg-size:cover;--awb-width-large:100%;--awb-margin-top-large:0px;--awb-spacing-right-large:1.92%;--awb-margin-bottom-large:0px;--awb-spacing-left-large:1.92%;--awb-width-medium:100%;--awb-spacing-right-medium:1.92%;--awb-spacing-left-medium:1.92%;--awb-width-small:100%;--awb-spacing-right-small:1.92%;--awb-spacing-left-small:1.92%;\"><div class=\"fusion-column-wrapper fusion-flex-justify-content-flex-start fusion-content-layout-column\"><div class=\"fusion-text fusion-text-6\"><\/div><\/div><\/div><\/div><\/div><\/p>","protected":false},"excerpt":{"rendered":"","protected":false},"author":6,"featured_media":13858,"parent":0,"menu_order":4,"comment_status":"closed","ping_status":"closed","template":"","meta":{"footnotes":""},"class_list":["post-13852","page","type-page","status-publish","has-post-thumbnail","hentry"],"aioseo_notices":[],"_links":{"self":[{"href":"https:\/\/www.ywam.sk\/sk\/wp-json\/wp\/v2\/pages\/13852"}],"collection":[{"href":"https:\/\/www.ywam.sk\/sk\/wp-json\/wp\/v2\/pages"}],"about":[{"href":"https:\/\/www.ywam.sk\/sk\/wp-json\/wp\/v2\/types\/page"}],"author":[{"embeddable":true,"href":"https:\/\/www.ywam.sk\/sk\/wp-json\/wp\/v2\/users\/6"}],"replies":[{"embeddable":true,"href":"https:\/\/www.ywam.sk\/sk\/wp-json\/wp\/v2\/comments?post=13852"}],"version-history":[{"count":15,"href":"https:\/\/www.ywam.sk\/sk\/wp-json\/wp\/v2\/pages\/13852\/revisions"}],"predecessor-version":[{"id":14052,"href":"https:\/\/www.ywam.sk\/sk\/wp-json\/wp\/v2\/pages\/13852\/revisions\/14052"}],"wp:featuredmedia":[{"embeddable":true,"href":"https:\/\/www.ywam.sk\/sk\/wp-json\/wp\/v2\/media\/13858"}],"wp:attachment":[{"href":"https:\/\/www.ywam.sk\/sk\/wp-json\/wp\/v2\/media?parent=13852"}],"curies":[{"name":"wp","href":"https:\/\/api.w.org\/{rel}","templated":true}]}}