{"id":1384,"date":"2014-11-24T20:31:22","date_gmt":"2014-11-24T19:31:22","guid":{"rendered":"http:\/\/ywam.sk\/?page_id=1384"},"modified":"2014-11-24T20:31:22","modified_gmt":"2014-11-24T19:31:22","slug":"declaration","status":"publish","type":"page","link":"https:\/\/www.ywam.sk\/sk\/lucatin\/declaration\/","title":{"rendered":"Declaration for YWAM Lu\u010dat\u00edn"},"content":{"rendered":"<p><\/p>\n<p class=\"p1\" style=\"text-align: left;\"><em><span class=\"s1\">N\u00e1\u0161 Nebesk\u00fd Ot\u010de, Ty si dobr\u00fd a vern\u00fd vo svojich zas\u013e\u00fabeniach.<\/span><\/em><\/p>\n<p class=\"p1\" style=\"text-align: left;\"><em><span class=\"s1\">Modl\u00edme sa k Tebe, aby si roz\u0161\u00edril hranice svojho nebesk\u00e9ho kr\u00e1\u013eovstva a priniesol Centrum YWAM Lu\u010dat\u00edn ako znamenie Tvojich l\u00e1skypln\u00fdch z\u00e1merov pre Slovensko.<\/span><\/em><\/p>\n<p class=\"p1\" style=\"text-align: left;\"><em><span class=\"s1\">Urob toto centrum domovom, kde bude\u0161 preb\u00fdva\u0165 so svojimi de\u0165mi a prin\u00e1\u0161a\u0165 pokoj, rados\u0165 a plnos\u0165 \u017eivota.<\/span><\/em><\/p>\n<p class=\"p1\" style=\"text-align: left;\"><em><span class=\"s1\">Nech sa stane spolo\u010denstvom mision\u00e1rov, ktor\u00ed \u0164a bud\u00fa zap\u00e1lene uctieva\u0165, bud\u00fa Ti sl\u00fa\u017ei\u0165 v \u010distote a s kreativitou a bud\u00fa ma\u0165 otvoren\u00e9 srdcia pre Tvoje z\u00e1mery s n\u00e1rodmi.\u00a0<\/span><\/em><\/p>\n<p class=\"p1\" style=\"text-align: left;\"><em><span class=\"s1\">Zo\u0161li arm\u00e1du sv\u00e4t\u00fdch z\u00e1stupcov, ktor\u00ed bud\u00fa vystrojen\u00ed, aby menili spolo\u010dnos\u0165 na ka\u017edej \u00farovni v moci a pravde.\u00a0<\/span><\/em><\/p>\n<p class=\"p1\" style=\"text-align: left;\"><em><span class=\"s1\">Zhroma\u017edi na tomto mieste duchovn\u00fdch bojovn\u00edkov z r\u00f4znych n\u00e1rodov, aby pretrhli put\u00e1 nespravodlivosti a oslobodili utl\u00e1\u010dan\u00fdch vo fyzickej, emocion\u00e1nej aj duchovnej oblasti.\u00a0<\/span><\/em><\/p>\n<p class=\"p1\" style=\"text-align: left;\"><em><span class=\"s1\">Rozhodli sme sa prebudova\u0165 a obnovi\u0165 miesto, ktor\u00e9 bolo dlho ni\u010den\u00e9, zahanbovan\u00e9 a potupen\u00e9 a vytvori\u0165 tak priestor na rados\u0165 z dvojn\u00e1sobneho podielu pripraven\u00e9ho dedi\u010dstva.\u00a0<\/span><\/em><\/p>\n<p class=\"p1\" style=\"text-align: left;\"><em><span class=\"s1\">Ver\u00edme, \u017ee \u013eudia m\u00f4\u017eu \u017ei\u0165 v plnosti, man\u017eelstv\u00e1 m\u00f4\u017eu by\u0165 zmieren\u00e9, rodiny obnoven\u00e9, mest\u00e1 a spolo\u010denstv\u00e1 m\u00f4\u017eu prekvita\u0165. T\u00fa\u017eime vidiet \u00factu vo vz\u0165ahoch, spravodlivos\u0165 v s\u00fadnictve, celistvos\u0165 v podnikan\u00ed, pravdu vo vzdel\u00e1van\u00ed, \u010destnos\u0165 v politike, kr\u00e1su v umen\u00ed a z\u00e1bave, objektivitu v m\u00e9di\u00e1ch a etiku vo vede, teda Slovensko pripraven\u00e9 by\u0165 pr\u00edkladom Bo\u017eieho vedenia pre n\u00e1rody.<\/span><\/em><\/p>\n<p><\/p>","protected":false},"excerpt":{"rendered":"<p>N\u00e1\u0161 Nebesk\u00fd Ot\u010de, Ty si dobr\u00fd a vern\u00fd vo svojich zas\u013e\u00fabeniach. Modl\u00edme sa k Tebe, aby si roz\u0161\u00edril hranice svojho nebesk\u00e9ho kr\u00e1\u013eovstva a priniesol Centrum YWAM Lu\u010dat\u00edn ako znamenie Tvojich l\u00e1skypln\u00fdch z\u00e1merov pre Slovensko. Urob toto centrum domovom, kde bude\u0161 preb\u00fdva\u0165 so svojimi de\u0165mi a prin\u00e1\u0161a\u0165 pokoj, rados\u0165 a plnos\u0165 \u017eivota. Nech sa stane spolo\u010denstvom [&hellip;]<\/p>\n","protected":false},"author":2,"featured_media":695,"parent":13231,"menu_order":47,"comment_status":"closed","ping_status":"closed","template":"","meta":{"footnotes":""},"class_list":["post-1384","page","type-page","status-publish","has-post-thumbnail","hentry"],"aioseo_notices":[],"_links":{"self":[{"href":"https:\/\/www.ywam.sk\/sk\/wp-json\/wp\/v2\/pages\/1384"}],"collection":[{"href":"https:\/\/www.ywam.sk\/sk\/wp-json\/wp\/v2\/pages"}],"about":[{"href":"https:\/\/www.ywam.sk\/sk\/wp-json\/wp\/v2\/types\/page"}],"author":[{"embeddable":true,"href":"https:\/\/www.ywam.sk\/sk\/wp-json\/wp\/v2\/users\/2"}],"replies":[{"embeddable":true,"href":"https:\/\/www.ywam.sk\/sk\/wp-json\/wp\/v2\/comments?post=1384"}],"version-history":[{"count":0,"href":"https:\/\/www.ywam.sk\/sk\/wp-json\/wp\/v2\/pages\/1384\/revisions"}],"up":[{"embeddable":true,"href":"https:\/\/www.ywam.sk\/sk\/wp-json\/wp\/v2\/pages\/13231"}],"wp:featuredmedia":[{"embeddable":true,"href":"https:\/\/www.ywam.sk\/sk\/wp-json\/"}],"wp:attachment":[{"href":"https:\/\/www.ywam.sk\/sk\/wp-json\/wp\/v2\/media?parent=1384"}],"curies":[{"name":"wp","href":"https:\/\/api.w.org\/{rel}","templated":true}]}}