{"id":13625,"date":"2022-07-07T21:31:23","date_gmt":"2022-07-07T19:31:23","guid":{"rendered":"https:\/\/www.ywam.sk\/?page_id=13625"},"modified":"2025-02-25T19:59:17","modified_gmt":"2025-02-25T18:59:17","slug":"ceroska","status":"publish","type":"page","link":"https:\/\/www.ywam.sk\/sk\/ceroska\/","title":{"rendered":"CEROSKA"},"content":{"rendered":"<p><div class=\"fusion-fullwidth fullwidth-box fusion-builder-row-1 fusion-flex-container nonhundred-percent-fullwidth non-hundred-percent-height-scrolling\" style=\"--awb-border-radius-top-left:0px;--awb-border-radius-top-right:0px;--awb-border-radius-bottom-right:0px;--awb-border-radius-bottom-left:0px;--awb-flex-wrap:wrap;\" ><div class=\"fusion-builder-row fusion-row fusion-flex-align-items-flex-start fusion-flex-content-wrap\" style=\"max-width:1066px;margin-left: calc(-4% \/ 2 );margin-right: calc(-4% \/ 2 );\"><div class=\"fusion-layout-column fusion_builder_column fusion-builder-column-0 fusion_builder_column_1_1 1_1 fusion-flex-column\" style=\"--awb-bg-size:cover;--awb-width-large:100%;--awb-margin-top-large:0px;--awb-spacing-right-large:1.92%;--awb-margin-bottom-large:0px;--awb-spacing-left-large:1.92%;--awb-width-medium:100%;--awb-spacing-right-medium:1.92%;--awb-spacing-left-medium:1.92%;--awb-width-small:100%;--awb-spacing-right-small:1.92%;--awb-spacing-left-small:1.92%;\"><div class=\"fusion-column-wrapper fusion-flex-justify-content-flex-start fusion-content-layout-column\"><div class=\"fusion-text fusion-text-1\"><p>CEROSKA je n\u00e1\u0161 u\u010den\u00edcky program pre cel\u00e9 rodiny, ktor\u00e9ho nov\u00fd ro\u010dn\u00edk \u0161tartujeme na jar 2025.<\/p>\n<div class=\"video-shortcode\"><iframe title=\"CEROSKA pre rodiny, ktor\u00e9 chc\u00fa viac\" width=\"1025\" height=\"577\" src=\"https:\/\/www.youtube.com\/embed\/ZhBloX0pyxQ?feature=oembed\" frameborder=\"0\" allow=\"accelerometer; autoplay; clipboard-write; encrypted-media; gyroscope; picture-in-picture; web-share\" referrerpolicy=\"strict-origin-when-cross-origin\" allowfullscreen><\/iframe><\/div>\n<p><strong>CEROSKA<\/strong> je skratka vytvoren\u00e1 zo slov <strong>CE<\/strong>sta-<strong>RO<\/strong>diny-<strong>SK<\/strong><\/p>\n<p>Ako u\u017e tento n\u00e1zov vypoved\u00e1, poz\u00fdvame &#8211; cel\u00e9 rodiny &#8211; vyda\u0165 sa spolo\u010dne na dobrodru\u017en\u00fa cestu!<\/p>\n<h2><strong>Cie\u013eom<\/strong>\u00a0na tejto dobrodru\u017enej rodinnej ceste bude<\/h2>\n<ul>\n<li><strong>pribl\u00ed\u017ei\u0165<\/strong> sa spolo\u010dne Bohu<\/li>\n<li><strong>porozumie\u0165<\/strong> spolo\u010dn\u00fdm hodnot\u00e1m va\u0161ej rodiny<\/li>\n<li><strong>upevni\u0165<\/strong> va\u0161e rodinn\u00e9 vz\u0165ahy<\/li>\n<li><strong>odhali\u0165<\/strong> svoje poslanie ako rodiny<\/li>\n<li>nau\u010di\u0165 sa <strong>fungova\u0165<\/strong> lep\u0161ie ako t\u00edm<\/li>\n<\/ul>\n<p><img decoding=\"async\" class=\"alignnone size-medium wp-image-13631\" src=\"https:\/\/www.ywam.sk\/wp-content\/uploads\/2022\/07\/family-300x180.png\" alt=\"\" width=\"300\" height=\"180\" srcset=\"https:\/\/www.ywam.sk\/wp-content\/uploads\/2022\/07\/family-200x120.png 200w, https:\/\/www.ywam.sk\/wp-content\/uploads\/2022\/07\/family-300x180.png 300w, https:\/\/www.ywam.sk\/wp-content\/uploads\/2022\/07\/family-400x240.png 400w, https:\/\/www.ywam.sk\/wp-content\/uploads\/2022\/07\/family-600x360.png 600w, https:\/\/www.ywam.sk\/wp-content\/uploads\/2022\/07\/family-768x461.png 768w, https:\/\/www.ywam.sk\/wp-content\/uploads\/2022\/07\/family-800x480.png 800w, https:\/\/www.ywam.sk\/wp-content\/uploads\/2022\/07\/family-1200x720.png 1200w, https:\/\/www.ywam.sk\/wp-content\/uploads\/2022\/07\/family.png 1231w\" sizes=\"(max-width: 300px) 100vw, 300px\" \/><\/p>\n<h2>Pozrite si kr\u00e1tky zostrih z minul\u00e9ho ro\u010dn\u00edka CeRoSky<\/h2>\n<div class=\"video-shortcode\"><iframe title=\"CeRoSKa 2023-2024\" width=\"1025\" height=\"577\" src=\"https:\/\/www.youtube.com\/embed\/ECQjSTTtnBc?feature=oembed\" frameborder=\"0\" allow=\"accelerometer; autoplay; clipboard-write; encrypted-media; gyroscope; picture-in-picture; web-share\" referrerpolicy=\"strict-origin-when-cross-origin\" allowfullscreen><\/iframe><\/div>\n<h2>Poh\u013ead zbli\u017e\u0161ia<\/h2>\n<p><strong>CEROSKA<\/strong> je ur\u010den\u00e1 pre ka\u017ed\u00fa rodinu, ktor\u00e1 chce viac.<\/p>\n<p><strong>CEROSKA<\/strong> je nastaven\u00e1 prioritne pre <strong>cel\u00e9 rodiny<\/strong> a je vhodn\u00e1 aj pre viacdetn\u00e9 rodiny a rodiny s men\u0161\u00edmi de\u0165mi.<\/p>\n<p>N\u00e1pl\u0148ou <strong>CEROSKy<\/strong> bude <strong>plnohodnotn\u00fd program pre rodi\u010dov aj pre deti<\/strong>.<\/p>\n<p><strong>CEROSKA<\/strong> je <strong>ucelen\u00fd, na seba nadv\u00e4zuj\u00faci a buduj\u00faci program<\/strong>, nielen s\u00e9ria &#8222;individu\u00e1lnych akci\u00ed&#8220;.<\/p>\n<p>Prihl\u00e1\u0161ku ka\u017edej rodiny starostlivo zv\u00e1\u017eime, budeme sa te\u0161i\u0165 z va\u0161ej jedine\u010dnosti a isto s vami preberieme aj va\u0161e konkr\u00e9tne \u0161pecifik\u00e1 a potreby. Pred registr\u00e1ciou si pros\u00edm aj vy zv\u00e1\u017ete z\u00e1v\u00e4zok, ktor\u00fd CEROSKa bude od v\u00e1s o\u010dak\u00e1va\u0165 (o.i. \u00fa\u010das\u0165 od za\u010diatku do konca &#8211; t.j.\u00a0 napr. na v\u00edkendoch je to piatok 17:00 &#8211; nede\u013ea 14:00)<\/p>\n<h2>Rozsah a harmonogram programu<\/h2>\n<h3>2025<\/h3>\n<ul>\n<li>2 jarn\u00e9 v\u00edkendy: (4-6.apr\u00edl 2025 &amp; 16.-18.m\u00e1j 2025); za\u010diatok v\u00edkendov v\u017edy v piatok o 17:00, koniec v nede\u013eu o 14:00<\/li>\n<li>letn\u00fd rodinn\u00fd teambuilding spojen\u00fd s v\u00fdjazdom (13.-19.j\u00fal 2025)<\/li>\n<li>2 jesenn\u00e9 v\u00edkendy (3.-5.okt\u00f3ber 2025 &amp; 14.-16.november 2025)<\/li>\n<\/ul>\n<h3>2026<\/h3>\n<ul>\n<li>2 jarn\u00e9 v\u00edkendy (term\u00edny e\u0161te upresn\u00edme)<\/li>\n<li>letn\u00fd rodinn\u00fd projekt: (j\u00fal-august 2026, term\u00edny e\u0161te upresn\u00edme)<\/li>\n<li>sl\u00e1vnostn\u00fd ukon\u010dovac\u00ed v\u00edkend: debriefing+sl\u00e1vnostn\u00fd z\u00e1ver \u0161koly (august 2026)<\/li>\n<\/ul>\n<p>Spolu teda program trv\u00e1 18 mesiacov a zah\u0155\u0148a 6 v\u00edkendov a 1 t\u00fd\u017edenn\u00fd letn\u00fd pobyt (2025) a spolo\u010dn\u00fd letn\u00fd rodinn\u00fd projekt (2026) + sl\u00e1vnostn\u00fd ukon\u010dovac\u00ed v\u00edkend<\/p>\n<h2>Kde<\/h2>\n<p>Miestom konania programu je centrum <a href=\"https:\/\/www.ywam.sk\/sk\/lucatin\/\">YWAM Lu\u010dat\u00edn<\/a> pri Banskej Bystrici. Nach\u00e1dza sa <a href=\"https:\/\/goo.gl\/maps\/4M1EKZ22UdmxXsGDA\" target=\"_blank\" rel=\"noopener\">presne tu<\/a>.<\/p>\n<h2>Poplatok<\/h2>\n<p>Cena v\u00edkendov:<\/p>\n<ul>\n<li>Dospel\u00fd <strong>100\u20ac<\/strong><\/li>\n<li>Die\u0165a do 12 r. (vr\u00e1tane)\u00a0 <strong>50\u20ac<\/strong><\/li>\n<li>Dieta od 13 r.\u00a0 <strong>60\u20ac<\/strong><\/li>\n<li>Pre rodiny s viac ako 4 de\u0165mi, bude cena za ka\u017ed\u00e9 \u010fal\u0161ie die\u0165a <strong>30\u20ac<\/strong><br \/>\nRovnako to bude aj pre deti bez n\u00e1roku na l\u00f4\u017eko a stravu<\/li>\n<li>Ubytovanie v samostatnej chatke je mo\u017en\u00e9 za pr\u00edplatok <strong>50\u20ac\u00a0<\/strong>(za rodinu)<\/li>\n<li>Ak budete ma\u0165 v are\u00e1li vlastn\u00e9 ubytovanie, napr. v karavane\/stane, odpo\u010d\u00edtame v\u00e1m <strong>70\u20ac\u00a0<\/strong>(za rodinu)<\/li>\n<li>Ak si zabezpe\u010d\u00edte vlastn\u00e9 ubytovanie mimo are\u00e1lu, odpo\u010d\u00edtame v\u00e1m <strong>120\u20ac <\/strong>(za rodinu)<\/li>\n<\/ul>\n<p>Cena letn\u00fdch programov bude e\u0161te upresnen\u00e1. D\u00e1 sa predpoklada\u0165, \u017ee bude zhruba porovnate\u013en\u00e1 s cenou dvoch v\u00edkendov. Jednotliv\u00e9 v\u00edkendy a letn\u00fd program bude mo\u017en\u00e9 plati\u0165 osobitne.<\/p>\n<h2>Registr\u00e1cia<\/h2>\n<p>Registr\u00e1cia na ro\u010dn\u00edk 2025\/2026 v tejto chv\u00edli priebeha. Ka\u017ed\u00fa prihl\u00e1\u0161ku starostlivo zva\u017eujeme a na jej z\u00e1klade v\u00e1s budeme \u010doskoro sp\u00e4tne kontaktova\u0165 (prvotn\u00e9 vyplnenie formul\u00e1ra e\u0161te nezaru\u010duje \u00fa\u010das\u0165 v na\u0161om programe)<\/p>\n<\/div><div style=\"text-align:center;\"><a class=\"fusion-button button-3d fusion-button-default-size button-default fusion-button-default button-1 fusion-button-default-span \" style=\"--button-border-radius-top-left:6px;--button-border-radius-top-right:6px;--button-border-radius-bottom-right:6px;--button-border-radius-bottom-left:6px;--button_margin-top:20px;--button_margin-bottom:20px;\" target=\"_blank\" rel=\"noopener noreferrer\" href=\"https:\/\/forms.gle\/B84Qno8vHRGBF7Lu8\"><span class=\"fusion-button-text\">Registr\u00e1cia CEROSKa 2025\/2026<\/span><\/a><\/div><div style=\"text-align:center;\"><a class=\"fusion-button button-3d fusion-button-default-size button-default fusion-button-default button-2 fusion-button-default-span \" style=\"--button-border-radius-top-left:6px;--button-border-radius-top-right:6px;--button-border-radius-bottom-right:6px;--button-border-radius-bottom-left:6px;--button_margin-top:20px;--button_margin-bottom:20px;\" target=\"_blank\" rel=\"noopener noreferrer\" href=\"http:\/\/eepurl.com\/dMjes-\/\"><span class=\"fusion-button-text\">Prihl\u00e1ste sa na odber noviniek<\/span><\/a><\/div><div class=\"fusion-separator fusion-full-width-sep\" style=\"align-self: center;margin-left: auto;margin-right: auto;margin-top:20px;margin-bottom:20px;width:100%;\"><div class=\"fusion-separator-border sep-double\" style=\"--awb-height:20px;--awb-amount:20px;border-color:#e0dede;border-top-width:1px;border-bottom-width:1px;\"><\/div><\/div><div class=\"fusion-builder-row fusion-builder-row-inner fusion-row fusion-flex-align-items-flex-start fusion-flex-content-wrap\" style=\"width:104% !important;max-width:104% !important;margin-left: calc(-4% \/ 2 );margin-right: calc(-4% \/ 2 );\"><div class=\"fusion-layout-column fusion_builder_column_inner fusion-builder-nested-column-0 fusion_builder_column_inner_1_2 1_2 fusion-flex-column\" style=\"--awb-padding-top:20px;--awb-padding-right:20px;--awb-padding-bottom:20px;--awb-padding-left:20px;--awb-bg-color:#d6d6d6;--awb-bg-color-hover:#d6d6d6;--awb-bg-size:cover;--awb-width-large:50%;--awb-margin-top-large:20px;--awb-spacing-right-large:3.84%;--awb-margin-bottom-large:20px;--awb-spacing-left-large:3.84%;--awb-width-medium:100%;--awb-order-medium:0;--awb-spacing-right-medium:1.92%;--awb-spacing-left-medium:1.92%;--awb-width-small:100%;--awb-order-small:0;--awb-spacing-right-small:1.92%;--awb-spacing-left-small:1.92%;\"><div class=\"fusion-column-wrapper fusion-column-has-shadow fusion-flex-justify-content-flex-start fusion-content-layout-column\"><div class=\"fusion-text fusion-text-2\"><h4>Ot\u00e1zky a viac inform\u00e1ci\u00ed<\/h4>\n<\/div><div class=\"fusion-form fusion-form-builder fusion-form-form-wrapper fusion-form-13803\" style=\"--awb-tooltip-text-color:#ffffff;--awb-tooltip-background-color:#333333;--awb-form-placeholder-color:rgba(71,71,71,0.5);--awb-form-text-color:#474747;\" data-form-id=\"13803\" data-config=\"{&quot;form_id&quot;:&quot;13803&quot;,&quot;form_post_id&quot;:&quot;13803&quot;,&quot;post_id&quot;:13625,&quot;form_type&quot;:&quot;ajax&quot;,&quot;confirmation_type&quot;:&quot;message&quot;,&quot;redirect_url&quot;:&quot;&quot;,&quot;field_labels&quot;:{&quot;first_name&quot;:&quot;Name&quot;,&quot;email_address&quot;:&quot;Email address&quot;,&quot;subject&quot;:&quot;Subject&quot;,&quot;message&quot;:&quot;Message&quot;},&quot;field_logics&quot;:{&quot;first_name&quot;:&quot;&quot;,&quot;email_address&quot;:&quot;&quot;,&quot;subject&quot;:&quot;&quot;,&quot;message&quot;:&quot;&quot;,&quot;notice_1&quot;:&quot;&quot;,&quot;notice_2&quot;:&quot;&quot;},&quot;field_types&quot;:{&quot;first_name&quot;:&quot;text&quot;,&quot;email_address&quot;:&quot;email&quot;,&quot;subject&quot;:&quot;text&quot;,&quot;message&quot;:&quot;textarea&quot;,&quot;notice_1&quot;:&quot;notice&quot;,&quot;submit_1&quot;:&quot;submit&quot;,&quot;notice_2&quot;:&quot;notice&quot;,&quot;submit_2&quot;:&quot;submit&quot;},&quot;nonce_method&quot;:&quot;ajax&quot;}\"><form action=\"https:\/\/www.ywam.sk\/sk\/ceroska\/\" method=\"post\" class=\"fusion-form fusion-form-13803\"><div class=\"fusion-fullwidth fullwidth-box fusion-builder-row-1-1 fusion-flex-container nonhundred-percent-fullwidth non-hundred-percent-height-scrolling\" style=\"--awb-border-radius-top-left:0px;--awb-border-radius-top-right:0px;--awb-border-radius-bottom-right:0px;--awb-border-radius-bottom-left:0px;--awb-flex-wrap:wrap;\" ><div class=\"fusion-builder-row fusion-row fusion-flex-align-items-flex-start fusion-flex-content-wrap\" style=\"width:103% !important;max-width:103% !important;margin-left: calc(-3% \/ 2 );margin-right: calc(-3% \/ 2 );\"><div class=\"fusion-layout-column fusion_builder_column fusion-builder-column-1 fusion_builder_column_1_1 1_1 fusion-flex-column\" style=\"--awb-bg-size:cover;--awb-width-large:100%;--awb-margin-top-large:0px;--awb-spacing-right-large:1.455%;--awb-margin-bottom-large:0px;--awb-spacing-left-large:1.455%;--awb-width-medium:100%;--awb-order-medium:0;--awb-spacing-right-medium:1.455%;--awb-spacing-left-medium:1.455%;--awb-width-small:100%;--awb-order-small:0;--awb-spacing-right-small:1.455%;--awb-spacing-left-small:1.455%;\"><div class=\"fusion-column-wrapper fusion-column-has-shadow fusion-flex-justify-content-flex-start fusion-content-layout-column\"><div class=\"fusion-form-field fusion-form-text-field fusion-form-label-above\" style=\"\" data-form-id=\"13803\"><div class=\"fusion-form-label-wrapper\"><label for=\"first_name\">Meno <abbr class=\"fusion-form-element-required\" title=\"required\">*<\/abbr><\/label><\/div><input type=\"text\" name=\"first_name\" id=\"first_name\" value=\"\"  class=\"fusion-form-input\" required=\"true\" aria-required=\"true\" data-holds-private-data=\"false\" minlength=\"0\"\/><\/div><div class=\"fusion-form-field fusion-form-email-field fusion-form-label-above\" style=\"\" data-form-id=\"13803\"><div class=\"fusion-form-label-wrapper\"><label for=\"email_address\">Email <abbr class=\"fusion-form-element-required\" title=\"required\">*<\/abbr><\/label><\/div><input type=\"email\" name=\"email_address\" id=\"email_address\" value=\"\"  class=\"fusion-form-input\" required=\"true\" aria-required=\"true\" data-holds-private-data=\"false\"\/><\/div><div class=\"fusion-form-field fusion-form-text-field fusion-form-label-above\" style=\"\" data-form-id=\"13803\"><div class=\"fusion-form-label-wrapper\"><label for=\"subject\">Predmet<\/label><\/div><input type=\"text\" name=\"subject\" id=\"subject\" value=\"\"  class=\"fusion-form-input\" data-holds-private-data=\"false\" minlength=\"0\"\/><\/div><div class=\"fusion-form-field fusion-form-textarea-field fusion-form-label-above\" style=\"\" data-form-id=\"13803\"><label for=\"message\">Spr\u00e1va <abbr class=\"fusion-form-element-required\" title=\"required\">*<\/abbr><\/label><textarea cols=\"40\"  minlength=\"0\"  rows=\"4\" tabindex=\"\" id=\"message\" name=\"message\" class=\"fusion-form-input\" required=\"true\" aria-required=\"true\" data-holds-private-data=\"false\"><\/textarea><\/div><div class=\"form-submission-notices data-notice_1\" id=\"fusion-notices-1\"><div class=\"fusion-alert alert success alert-success fusion-alert-center fusion-form-response fusion-form-response-success awb-alert-native-link-color alert-dismissable awb-alert-close-boxed\" role=\"alert\"><div class=\"fusion-alert-content-wrapper\"><span class=\"alert-icon\"><i class=\"awb-icon-check-circle\" aria-hidden=\"true\"><\/i><\/span><span class=\"fusion-alert-content\">\u010eakujeme za va\u0161u spr\u00e1vu.<\/span><\/div><button type=\"button\" class=\"close toggle-alert\" data-dismiss=\"alert\" aria-label=\"Close\">&times;<\/button><\/div><div class=\"fusion-alert alert error alert-danger fusion-alert-center fusion-form-response fusion-form-response-error awb-alert-native-link-color alert-dismissable awb-alert-close-boxed\" role=\"alert\"><div class=\"fusion-alert-content-wrapper\"><span class=\"alert-icon\"><i class=\"awb-icon-exclamation-triangle\" aria-hidden=\"true\"><\/i><\/span><span class=\"fusion-alert-content\">Pri odosielan\u00ed va\u0161ej spr\u00e1vy sa vyskytla chyba. Pros\u00edm sk\u00faste e\u0161te raz.<\/span><\/div><button type=\"button\" class=\"close toggle-alert\" data-dismiss=\"alert\" aria-label=\"Close\">&times;<\/button><\/div><\/div><div class=\"fusion-form-field fusion-form-submit-field fusion-form-label-above\" style=\"\" data-form-id=\"13803\"><div ><button type=\"submit\" class=\"fusion-button button-flat fusion-button-default-size button-default fusion-button-default button-3 fusion-button-default-span  form-form-submit button-default\" data-form-number=\"13803\" tabindex=\"\"><span class=\"fusion-button-text\">Odosla\u0165<\/span><\/button><\/div><\/div><\/div><\/div><\/div><\/div><\/form><\/div><\/div><\/div><div class=\"fusion-layout-column fusion_builder_column_inner fusion-builder-nested-column-1 fusion_builder_column_inner_1_2 1_2 fusion-flex-column\" style=\"--awb-bg-size:cover;--awb-width-large:50%;--awb-margin-top-large:0px;--awb-spacing-right-large:3.84%;--awb-margin-bottom-large:0px;--awb-spacing-left-large:3.84%;--awb-width-medium:100%;--awb-order-medium:0;--awb-spacing-right-medium:1.92%;--awb-spacing-left-medium:1.92%;--awb-width-small:100%;--awb-order-small:0;--awb-spacing-right-small:1.92%;--awb-spacing-left-small:1.92%;\"><div class=\"fusion-column-wrapper fusion-column-has-shadow fusion-flex-justify-content-flex-start fusion-content-layout-column\"><\/div><\/div><\/div><\/div><\/div><\/div><\/div><div class=\"fusion-fullwidth fullwidth-box fusion-builder-row-3-1 fusion-flex-container nonhundred-percent-fullwidth non-hundred-percent-height-scrolling\" style=\"--awb-border-radius-top-left:0px;--awb-border-radius-top-right:0px;--awb-border-radius-bottom-right:0px;--awb-border-radius-bottom-left:0px;--awb-flex-wrap:wrap;\" ><div class=\"fusion-builder-row fusion-row fusion-flex-align-items-flex-start fusion-flex-content-wrap\" style=\"width:103% !important;max-width:103% !important;margin-left: calc(-3% \/ 2 );margin-right: calc(-3% \/ 2 );\"><div class=\"fusion-layout-column fusion_builder_column fusion-builder-column-5 fusion_builder_column_1_1 1_1 fusion-flex-column\" style=\"--awb-bg-size:cover;--awb-width-large:100%;--awb-margin-top-large:0px;--awb-spacing-right-large:1.455%;--awb-margin-bottom-large:0px;--awb-spacing-left-large:1.455%;--awb-width-medium:100%;--awb-order-medium:0;--awb-spacing-right-medium:1.455%;--awb-spacing-left-medium:1.455%;--awb-width-small:100%;--awb-order-small:0;--awb-spacing-right-small:1.455%;--awb-spacing-left-small:1.455%;\"><div class=\"fusion-column-wrapper fusion-column-has-shadow fusion-flex-justify-content-flex-start fusion-content-layout-column\"><div class=\"fusion-form-field fusion-form-text-field fusion-form-label-above\" style=\"\" data-form-id=\"13803\"><div class=\"fusion-form-label-wrapper\"><label for=\"first_name\">Meno <abbr class=\"fusion-form-element-required\" title=\"required\">*<\/abbr><\/label><\/div><input type=\"text\" name=\"first_name\" id=\"first_name\" value=\"\"  class=\"fusion-form-input\" required=\"true\" aria-required=\"true\" data-holds-private-data=\"false\" minlength=\"0\"\/><\/div><div class=\"fusion-form-field fusion-form-email-field fusion-form-label-above\" style=\"\" data-form-id=\"13803\"><div class=\"fusion-form-label-wrapper\"><label for=\"email_address\">Email <abbr class=\"fusion-form-element-required\" title=\"required\">*<\/abbr><\/label><\/div><input type=\"email\" name=\"email_address\" id=\"email_address\" value=\"\"  class=\"fusion-form-input\" required=\"true\" aria-required=\"true\" data-holds-private-data=\"false\"\/><\/div><div class=\"fusion-form-field fusion-form-text-field fusion-form-label-above\" style=\"\" data-form-id=\"13803\"><div class=\"fusion-form-label-wrapper\"><label for=\"subject\">Predmet<\/label><\/div><input type=\"text\" name=\"subject\" id=\"subject\" value=\"\"  class=\"fusion-form-input\" data-holds-private-data=\"false\" minlength=\"0\"\/><\/div><div class=\"fusion-form-field fusion-form-textarea-field fusion-form-label-above\" style=\"\" data-form-id=\"13803\"><label for=\"message\">Spr\u00e1va <abbr class=\"fusion-form-element-required\" title=\"required\">*<\/abbr><\/label><textarea cols=\"40\"  minlength=\"0\"  rows=\"4\" tabindex=\"\" id=\"message\" name=\"message\" class=\"fusion-form-input\" required=\"true\" aria-required=\"true\" data-holds-private-data=\"false\"><\/textarea><\/div><div class=\"form-submission-notices data-notice_3\" id=\"fusion-notices-3\"><div class=\"fusion-alert alert success alert-success fusion-alert-center fusion-form-response fusion-form-response-success awb-alert-native-link-color alert-dismissable awb-alert-close-boxed\" role=\"alert\"><div class=\"fusion-alert-content-wrapper\"><span class=\"alert-icon\"><i class=\"awb-icon-check-circle\" aria-hidden=\"true\"><\/i><\/span><span class=\"fusion-alert-content\">\u010eakujeme za va\u0161u spr\u00e1vu.<\/span><\/div><button type=\"button\" class=\"close toggle-alert\" data-dismiss=\"alert\" aria-label=\"Close\">&times;<\/button><\/div><div class=\"fusion-alert alert error alert-danger fusion-alert-center fusion-form-response fusion-form-response-error awb-alert-native-link-color alert-dismissable awb-alert-close-boxed\" role=\"alert\"><div class=\"fusion-alert-content-wrapper\"><span class=\"alert-icon\"><i class=\"awb-icon-exclamation-triangle\" aria-hidden=\"true\"><\/i><\/span><span class=\"fusion-alert-content\">Pri odosielan\u00ed va\u0161ej spr\u00e1vy sa vyskytla chyba. Pros\u00edm sk\u00faste e\u0161te raz.<\/span><\/div><button type=\"button\" class=\"close toggle-alert\" data-dismiss=\"alert\" aria-label=\"Close\">&times;<\/button><\/div><\/div><div class=\"fusion-form-field fusion-form-submit-field fusion-form-label-above\" style=\"\" data-form-id=\"13803\"><div ><button type=\"submit\" class=\"fusion-button button-flat fusion-button-default-size button-default fusion-button-default button-7 fusion-button-default-span  form-form-submit button-default\" data-form-number=\"13803\" tabindex=\"\"><span class=\"fusion-button-text\">Odosla\u0165<\/span><\/button><\/div><\/div><\/div><\/div><\/div><\/div><\/form><\/div><\/div><\/div><div class=\"fusion-layout-column fusion_builder_column_inner fusion-builder-nested-column-3 fusion_builder_column_inner_1_2 1_2 fusion-flex-column\" style=\"--awb-bg-size:cover;--awb-width-large:50%;--awb-margin-top-large:0px;--awb-spacing-right-large:3.84%;--awb-margin-bottom-large:0px;--awb-spacing-left-large:3.84%;--awb-width-medium:100%;--awb-order-medium:0;--awb-spacing-right-medium:1.92%;--awb-spacing-left-medium:1.92%;--awb-width-small:100%;--awb-order-small:0;--awb-spacing-right-small:1.92%;--awb-spacing-left-small:1.92%;\"><div class=\"fusion-column-wrapper fusion-column-has-shadow fusion-flex-justify-content-flex-start fusion-content-layout-column\"><\/div><\/div><\/div><\/div><\/div><\/div><\/div><div class=\"fusion-fullwidth fullwidth-box fusion-builder-row-4 fusion-flex-container nonhundred-percent-fullwidth non-hundred-percent-height-scrolling\" style=\"--awb-border-radius-top-left:0px;--awb-border-radius-top-right:0px;--awb-border-radius-bottom-right:0px;--awb-border-radius-bottom-left:0px;--awb-flex-wrap:wrap;\" ><div class=\"fusion-builder-row fusion-row fusion-flex-align-items-flex-start fusion-flex-content-wrap\" style=\"max-width:1066px;margin-left: calc(-4% \/ 2 );margin-right: calc(-4% \/ 2 );\"><div class=\"fusion-layout-column fusion_builder_column fusion-builder-column-7 fusion_builder_column_1_1 1_1 fusion-flex-column\" style=\"--awb-bg-size:cover;--awb-width-large:100%;--awb-margin-top-large:0px;--awb-spacing-right-large:1.92%;--awb-margin-bottom-large:0px;--awb-spacing-left-large:1.92%;--awb-width-medium:100%;--awb-spacing-right-medium:1.92%;--awb-spacing-left-medium:1.92%;--awb-width-small:100%;--awb-spacing-right-small:1.92%;--awb-spacing-left-small:1.92%;\"><div class=\"fusion-column-wrapper fusion-flex-justify-content-flex-start fusion-content-layout-column\"><div class=\"fusion-text fusion-text-6\"><\/div><\/div><\/div><\/div><\/div><\/p>","protected":false},"excerpt":{"rendered":"","protected":false},"author":6,"featured_media":13628,"parent":0,"menu_order":2,"comment_status":"closed","ping_status":"closed","template":"","meta":{"footnotes":""},"class_list":["post-13625","page","type-page","status-publish","has-post-thumbnail","hentry"],"aioseo_notices":[],"_links":{"self":[{"href":"https:\/\/www.ywam.sk\/sk\/wp-json\/wp\/v2\/pages\/13625"}],"collection":[{"href":"https:\/\/www.ywam.sk\/sk\/wp-json\/wp\/v2\/pages"}],"about":[{"href":"https:\/\/www.ywam.sk\/sk\/wp-json\/wp\/v2\/types\/page"}],"author":[{"embeddable":true,"href":"https:\/\/www.ywam.sk\/sk\/wp-json\/wp\/v2\/users\/6"}],"replies":[{"embeddable":true,"href":"https:\/\/www.ywam.sk\/sk\/wp-json\/wp\/v2\/comments?post=13625"}],"version-history":[{"count":46,"href":"https:\/\/www.ywam.sk\/sk\/wp-json\/wp\/v2\/pages\/13625\/revisions"}],"predecessor-version":[{"id":13998,"href":"https:\/\/www.ywam.sk\/sk\/wp-json\/wp\/v2\/pages\/13625\/revisions\/13998"}],"wp:featuredmedia":[{"embeddable":true,"href":"https:\/\/www.ywam.sk\/sk\/wp-json\/wp\/v2\/media\/13628"}],"wp:attachment":[{"href":"https:\/\/www.ywam.sk\/sk\/wp-json\/wp\/v2\/media?parent=13625"}],"curies":[{"name":"wp","href":"https:\/\/api.w.org\/{rel}","templated":true}]}}