{"id":13232,"date":"2014-01-09T01:17:45","date_gmt":"2014-01-09T00:17:45","guid":{"rendered":"http:\/\/ywam.sk\/new\/?page_id=16"},"modified":"2022-02-23T18:11:26","modified_gmt":"2022-02-23T17:11:26","slug":"ywam","status":"publish","type":"page","link":"https:\/\/www.ywam.sk\/sk\/about-us\/ywam\/","title":{"rendered":"YWAM"},"content":{"rendered":"<p><div class=\"fusion-fullwidth fullwidth-box fusion-builder-row-1 nonhundred-percent-fullwidth non-hundred-percent-height-scrolling\" style=\"--awb-border-radius-top-left:0px;--awb-border-radius-top-right:0px;--awb-border-radius-bottom-right:0px;--awb-border-radius-bottom-left:0px;--awb-flex-wrap:wrap;\" ><div class=\"fusion-builder-row fusion-row\"><div class=\"fusion-layout-column fusion_builder_column fusion-builder-column-0 fusion_builder_column_1_1 1_1 fusion-one-full fusion-column-first fusion-column-last\" style=\"--awb-bg-size:cover;\"><div class=\"fusion-column-wrapper fusion-flex-column-wrapper-legacy\"><div class=\"fusion-text fusion-text-1\"><\/div><div class=\"fusion-text fusion-text-2\"><p>Ako <strong>Youth With A Mission<\/strong> (Ml\u00e1de\u017e s misiou) ver\u00edme, \u017ee Biblia je in\u0161pirovan\u00e1 Bohom a je zjaven\u00fdm slovom, ktor\u00e9 n\u00e1m ukazuje, \u017ee Je\u017ei\u0161 Kristus je Bo\u017e\u00ed syn.<\/p>\n<p>Ver\u00edme, \u017ee \u013eudia s\u00fa stvoren\u00ed na Bo\u017e\u00ed obraz a \u017ee On n\u00e1s stvoril, aby sme mali ve\u010dn\u00fd \u017eivot skrze Je\u017ei\u0161a Krista.<\/p>\n<p>Ver\u00edme, \u017ee ka\u017ed\u00fd \u010dlovek zhre\u0161il a stratil podiel na Bo\u017eej sl\u00e1ve, Boh ale priniesol sp\u00e1su skrze smr\u0165 na kr\u00ed\u017ei a zm\u0155tvychvstanie Je\u017ei\u0161a Krista.<\/p>\n<p><span style=\"line-height: 1.5;\">Ver\u00edme, \u017ee pok\u00e1nie, viera, l\u00e1ska a poslu\u0161nos\u0165 s\u00fa spr\u00e1vnymi odpove\u010fami na podnet Bo\u017eej milosti k n\u00e1m.\u00a0<\/span><\/p>\n<p>Ver\u00edme, \u017ee Boh t\u00fa\u017ei po tom, aby boli v\u0161etci \u013eudia spasen\u00ed a spoznali pravdu.<\/p>\n<p>Ver\u00edme, \u017ee moc Ducha Sv\u00e4t\u00e9ho sa prejavuje v n\u00e1s a skrze n\u00e1s na vykonanie Kristovho posledn\u00e9ho prik\u00e1zania:<\/p>\n<p style=\"text-align: center;\">&#8222;<em>Cho\u010fte do cel\u00e9ho sveta a hl\u00e1sajte evanjelium cel\u00e9mu stvoreniu.<\/em>&#8220;<br \/>\n(Marek 16:15)<\/p>\n<\/div><div class=\"fusion-clearfix\"><\/div><\/div><\/div><\/div><\/div><\/p>","protected":false},"excerpt":{"rendered":"<p>\u013dutujeme, t\u00e1to str\u00e1nka je dostupn\u00e1 len v English.<\/p>\n","protected":false},"author":2,"featured_media":0,"parent":120,"menu_order":27,"comment_status":"closed","ping_status":"closed","template":"","meta":{"footnotes":""},"class_list":["post-13232","page","type-page","status-publish","hentry"],"aioseo_notices":[],"_links":{"self":[{"href":"https:\/\/www.ywam.sk\/sk\/wp-json\/wp\/v2\/pages\/13232"}],"collection":[{"href":"https:\/\/www.ywam.sk\/sk\/wp-json\/wp\/v2\/pages"}],"about":[{"href":"https:\/\/www.ywam.sk\/sk\/wp-json\/wp\/v2\/types\/page"}],"author":[{"embeddable":true,"href":"https:\/\/www.ywam.sk\/sk\/wp-json\/wp\/v2\/users\/2"}],"replies":[{"embeddable":true,"href":"https:\/\/www.ywam.sk\/sk\/wp-json\/wp\/v2\/comments?post=13232"}],"version-history":[{"count":1,"href":"https:\/\/www.ywam.sk\/sk\/wp-json\/wp\/v2\/pages\/13232\/revisions"}],"predecessor-version":[{"id":13392,"href":"https:\/\/www.ywam.sk\/sk\/wp-json\/wp\/v2\/pages\/13232\/revisions\/13392"}],"up":[{"embeddable":true,"href":"https:\/\/www.ywam.sk\/sk\/wp-json\/wp\/v2\/pages\/120"}],"wp:attachment":[{"href":"https:\/\/www.ywam.sk\/sk\/wp-json\/wp\/v2\/media?parent=13232"}],"curies":[{"name":"wp","href":"https:\/\/api.w.org\/{rel}","templated":true}]}}