{"id":12927,"date":"2018-06-27T17:23:56","date_gmt":"2018-06-27T15:23:56","guid":{"rendered":"https:\/\/www.ywam.sk\/?page_id=12927"},"modified":"2022-02-14T18:29:22","modified_gmt":"2022-02-14T17:29:22","slug":"gdpr","status":"publish","type":"page","link":"https:\/\/www.ywam.sk\/sk\/about-us\/gdpr\/","title":{"rendered":"Z\u00e1sady ochrany osobn\u00fdch \u00fadajov (GDPR)"},"content":{"rendered":"<p><\/p>\n<h2>Ak\u00e9 osobn\u00e9 \u00fadaje spracov\u00e1vame?<\/h2>\n<ul>\n<li>Vo v\u00e4\u010d\u0161ine pr\u00edpadov spracov\u00e1vame va\u0161e meno, priezvisko a e-mailov\u00fa a po\u0161tov\u00fa adresu, v\u00a0niektor\u00fdch pr\u00edpadoch aj va\u0161e telef\u00f3nne \u010d\u00edslo, pr\u00edpadne \u010fal\u0161ie osobn\u00e9 \u010di pracovn\u00e9 kontaktn\u00e9 \u00fadaje<\/li>\n<li>V pr\u00edpade uzatvorenia zmluvy, sprac\u00favame va\u0161e osobn\u00e9 \u00fadaje v rozsahu uvedenom<br \/>\nv zmluve.<\/li>\n<li>V pr\u00edpade monitorovania kamerov\u00fdm syst\u00e9mom na\u0161ich priestorov sa osobn\u00fdm \u00fadajom rozumie kamerov\u00fdm syst\u00e9mom vyhotoven\u00fd obrazov\u00fd z\u00e1znam fyzickej osoby, ktor\u00e1 vst\u00fapila do monitorovan\u00e9ho priestoru.<\/li>\n<\/ul>\n<h2>\u00da\u010del spracovania osobn\u00fdch \u00fadajov?<\/h2>\n<ul>\n<li>Informovanie o na\u0161ich aktivit\u00e1ch prostredn\u00edctvom posielania e-mailov alebo<br \/>\npropagovania na\u0161ich aktiv\u00edt. V ka\u017edom nami zaslanom emaile sa budete m\u00f4c\u0165 odhl\u00e1si\u0165<\/li>\n<li>Komunik\u00e1cia s na\u0161imi podporovate\u013emi,\u00a0 darcami alebo \u013eu\u010fmi, ktor\u00ed maj\u00fa z\u00e1ujem o na\u0161u \u010dinnos\u0165<\/li>\n<li>Spr\u00e1va na\u0161ej webovej str\u00e1nky a na\u0161ich \u00fa\u010dtov na soci\u00e1lnych sie\u0165ach<\/li>\n<li>V pr\u00edpade monitorovania kamerov\u00fdm syst\u00e9mom je \u00fa\u010delom spracovania osobn\u00fdch \u00fadajov ochrana verejne nepr\u00edstupn\u00e9ho priestoru v \u010dase, kedy by sa v \u0148om nemali pohybova\u0165 neopr\u00e1vnen\u00e9 osoby. Opr\u00e1vnen\u00fdm z\u00e1ujmom je ochrana majetku prev\u00e1dzkovate\u013ea priestorov.<\/li>\n<\/ul>\n<h2>Cookies<\/h2>\n<p>Na str\u00e1nke YWAM pou\u017e\u00edvame cookies. Tie n\u00e1m poskytuj\u00fa inform\u00e1cie o z\u00e1kladn\u00fdch \u0161tatistik\u00e1ch n\u00e1v\u0161tevnosti a neumo\u017e\u0148uj\u00fa n\u00e1m Va\u0161u konkr\u00e9tnu identifik\u00e1ciu.<\/p>\n<h2>Va\u0161e osobn\u00e9 \u00fadaje chr\u00e1nime<\/h2>\n<p>Va\u0161e osobn\u00e9 \u00fadaje chr\u00e1nime tak, aby nedo\u0161lo k ich \u00faniku alebo zneu\u017eitiu. S\u00fabory chr\u00e1nime heslom a maj\u00fa k nim pr\u00edstup len vybran\u00ed pracovn\u00edci.<\/p>\n<p>Svoj s\u00fahlas m\u00f4\u017eete kedyko\u013evek odvola\u0165 prostredn\u00edctvom zaslania spr\u00e1vy z pr\u00edslu\u0161n\u00e9ho e-mailu na adresu <a href=\"mailto:unsubscribe@ywam.sk\">unsubscribe@ywam.sk<\/a><\/p>\n<p>Obrazov\u00fd z\u00e1znam vyhotoven\u00fd kamerov\u00fdm syst\u00e9mom sa uchov\u00e1va maxim\u00e1lne po dobu 30 dn\u00ed odo d\u0148a nasleduj\u00faceho po dni vyhotovenia z\u00e1znamu. Obrazov\u00e9 z\u00e1znamy sa likviduj\u00fa po uplynut\u00ed doby uchovania. Likvid\u00e1cia osobn\u00fdch \u00fadajov z\u00edskan\u00fdch \u010dinnos\u0165ou kamerov\u00e9ho syst\u00e9mu je zabezpe\u010den\u00e1 automaticky, programovanou \u010dinnos\u0165ou syst\u00e9mu.<\/p>","protected":false},"excerpt":{"rendered":"<p>Ak\u00e9 osobn\u00e9 \u00fadaje spracov\u00e1vame? Vo v\u00e4\u010d\u0161ine pr\u00edpadov spracov\u00e1vame va\u0161e meno, priezvisko a e-mailov\u00fa a po\u0161tov\u00fa adresu, v\u00a0niektor\u00fdch pr\u00edpadoch aj va\u0161e telef\u00f3nne \u010d\u00edslo, pr\u00edpadne \u010fal\u0161ie osobn\u00e9 \u010di pracovn\u00e9 kontaktn\u00e9 \u00fadaje V pr\u00edpade uzatvorenia zmluvy, sprac\u00favame va\u0161e osobn\u00e9 \u00fadaje v rozsahu uvedenom v zmluve. V pr\u00edpade monitorovania kamerov\u00fdm syst\u00e9mom na\u0161ich priestorov sa osobn\u00fdm \u00fadajom rozumie kamerov\u00fdm syst\u00e9mom [&hellip;]<\/p>\n","protected":false},"author":6,"featured_media":0,"parent":120,"menu_order":26,"comment_status":"closed","ping_status":"closed","template":"","meta":{"footnotes":""},"class_list":["post-12927","page","type-page","status-publish","hentry"],"aioseo_notices":[],"_links":{"self":[{"href":"https:\/\/www.ywam.sk\/sk\/wp-json\/wp\/v2\/pages\/12927"}],"collection":[{"href":"https:\/\/www.ywam.sk\/sk\/wp-json\/wp\/v2\/pages"}],"about":[{"href":"https:\/\/www.ywam.sk\/sk\/wp-json\/wp\/v2\/types\/page"}],"author":[{"embeddable":true,"href":"https:\/\/www.ywam.sk\/sk\/wp-json\/wp\/v2\/users\/6"}],"replies":[{"embeddable":true,"href":"https:\/\/www.ywam.sk\/sk\/wp-json\/wp\/v2\/comments?post=12927"}],"version-history":[{"count":5,"href":"https:\/\/www.ywam.sk\/sk\/wp-json\/wp\/v2\/pages\/12927\/revisions"}],"predecessor-version":[{"id":13406,"href":"https:\/\/www.ywam.sk\/sk\/wp-json\/wp\/v2\/pages\/12927\/revisions\/13406"}],"up":[{"embeddable":true,"href":"https:\/\/www.ywam.sk\/sk\/wp-json\/wp\/v2\/pages\/120"}],"wp:attachment":[{"href":"https:\/\/www.ywam.sk\/sk\/wp-json\/wp\/v2\/media?parent=12927"}],"curies":[{"name":"wp","href":"https:\/\/api.w.org\/{rel}","templated":true}]}}