{"id":120,"date":"2014-01-11T14:31:39","date_gmt":"2014-01-11T13:31:39","guid":{"rendered":"http:\/\/ywam.sk\/new\/?page_id=120"},"modified":"2024-01-15T14:42:52","modified_gmt":"2024-01-15T13:42:52","slug":"about-us","status":"publish","type":"page","link":"https:\/\/www.ywam.sk\/sk\/about-us\/","title":{"rendered":"O n\u00e1s"},"content":{"rendered":"<p><div class=\"fusion-fullwidth fullwidth-box fusion-builder-row-1 fusion-flex-container nonhundred-percent-fullwidth non-hundred-percent-height-scrolling\" style=\"--awb-border-radius-top-left:0px;--awb-border-radius-top-right:0px;--awb-border-radius-bottom-right:0px;--awb-border-radius-bottom-left:0px;--awb-flex-wrap:wrap;\" ><div class=\"fusion-builder-row fusion-row fusion-flex-align-items-flex-start fusion-flex-content-wrap\" style=\"max-width:1066px;margin-left: calc(-4% \/ 2 );margin-right: calc(-4% \/ 2 );\"><div class=\"fusion-layout-column fusion_builder_column fusion-builder-column-0 fusion_builder_column_1_1 1_1 fusion-flex-column\" style=\"--awb-bg-size:cover;--awb-width-large:100%;--awb-margin-top-large:0px;--awb-spacing-right-large:1.92%;--awb-margin-bottom-large:0px;--awb-spacing-left-large:1.92%;--awb-width-medium:100%;--awb-spacing-right-medium:1.92%;--awb-spacing-left-medium:1.92%;--awb-width-small:100%;--awb-spacing-right-small:1.92%;--awb-spacing-left-small:1.92%;\"><div class=\"fusion-column-wrapper fusion-flex-justify-content-flex-start fusion-content-layout-column\"><div class=\"fusion-text fusion-text-1\"><p><\/p>\n<\/div><\/div><\/div><\/div><\/div><div class=\"fusion-fullwidth fullwidth-box fusion-builder-row-2 fusion-flex-container nonhundred-percent-fullwidth non-hundred-percent-height-scrolling\" style=\"--awb-border-radius-top-left:0px;--awb-border-radius-top-right:0px;--awb-border-radius-bottom-right:0px;--awb-border-radius-bottom-left:0px;--awb-flex-wrap:wrap;\" ><div class=\"fusion-builder-row fusion-row fusion-flex-align-items-flex-start fusion-flex-content-wrap\" style=\"max-width:1066px;margin-left: calc(-4% \/ 2 );margin-right: calc(-4% \/ 2 );\"><div class=\"fusion-layout-column fusion_builder_column fusion-builder-column-1 fusion_builder_column_1_1 1_1 fusion-flex-column\" style=\"--awb-bg-size:cover;--awb-width-large:100%;--awb-margin-top-large:0px;--awb-spacing-right-large:1.92%;--awb-margin-bottom-large:0px;--awb-spacing-left-large:1.92%;--awb-width-medium:100%;--awb-spacing-right-medium:1.92%;--awb-spacing-left-medium:1.92%;--awb-width-small:100%;--awb-spacing-right-small:1.92%;--awb-spacing-left-small:1.92%;\"><div class=\"fusion-column-wrapper fusion-flex-justify-content-flex-start fusion-content-layout-column\"><div class=\"fusion-text fusion-text-2\"><\/div><\/div><\/div><\/div><\/div><div class=\"fusion-fullwidth fullwidth-box fusion-builder-row-3 nonhundred-percent-fullwidth non-hundred-percent-height-scrolling\" style=\"--awb-border-radius-top-left:0px;--awb-border-radius-top-right:0px;--awb-border-radius-bottom-right:0px;--awb-border-radius-bottom-left:0px;--awb-flex-wrap:wrap;\" ><div class=\"fusion-builder-row fusion-row\"><div class=\"fusion-layout-column fusion_builder_column fusion-builder-column-2 fusion_builder_column_1_1 1_1 fusion-one-full fusion-column-first fusion-column-last\" style=\"--awb-bg-size:cover;\"><div class=\"fusion-column-wrapper fusion-flex-column-wrapper-legacy\"><div class=\"fusion-text fusion-text-3\"><p><a href=\"https:\/\/www.ywam.org\" target=\"_blank\" rel=\"noopener\"><img decoding=\"async\" class=\"alignnone size-full wp-image-18\" src=\"https:\/\/www.ywam.sk\/wp-content\/uploads\/apple-touch-icon.png\" alt=\"\" width=\"180\" height=\"180\" srcset=\"https:\/\/www.ywam.sk\/wp-content\/uploads\/apple-touch-icon-66x66.png 66w, https:\/\/www.ywam.sk\/wp-content\/uploads\/apple-touch-icon-150x150.png 150w, https:\/\/www.ywam.sk\/wp-content\/uploads\/apple-touch-icon.png 180w\" sizes=\"(max-width: 180px) 100vw, 180px\" \/><\/a><\/p>\n<\/div><div class=\"fusion-clearfix\"><\/div><\/div><\/div><\/div><\/div><div class=\"fusion-fullwidth fullwidth-box fusion-builder-row-4 hundred-percent-fullwidth non-hundred-percent-height-scrolling\" style=\"--awb-border-radius-top-left:0px;--awb-border-radius-top-right:0px;--awb-border-radius-bottom-right:0px;--awb-border-radius-bottom-left:0px;--awb-overflow:visible;--awb-flex-wrap:wrap;\" ><div class=\"fusion-builder-row fusion-row\"><div class=\"fusion-layout-column fusion_builder_column fusion-builder-column-3 fusion_builder_column_1_1 1_1 fusion-one-full fusion-column-first fusion-column-last fusion-column-no-min-height\" style=\"--awb-bg-size:cover;\"><div class=\"fusion-column-wrapper fusion-flex-column-wrapper-legacy\"><div class=\"fusion-text fusion-text-4\"><p><b>Ml\u00e1de\u017e s misiou<\/b> <b>Slovensko<\/b> je s\u00fa\u010das\u0165ou celosvetov\u00e9ho hnutia <b><a href=\"https:\/\/www.ywam.org\" target=\"_blank\" rel=\"noopener noreferrer\">Youth With A Mission<\/a><\/b>.<\/p>\n<p>Zn\u00e1mi aj pod skratkou <b>YWAM<\/b> (po slovensky \u010d\u00edtaj &#8222;vaj-vem&#8220;), sme medzin\u00e1rodn\u00fdm dobrovo\u013en\u00edckym hnut\u00edm kres\u0165anov z r\u00f4znych prostred\u00ed, kult\u00far a kres\u0165ansk\u00fdch trad\u00edci\u00ed, odhodlan\u00fdch sl\u00fa\u017ei\u0165 Je\u017ei\u0161ovi po celom svete.<\/p>\n<p>Z\u00e1kladn\u00fdm poslan\u00edm a mottom YWAM je <strong>&#8222;<i>pozna\u0165 Boha a robi\u0165 Ho zn\u00e1mym<\/i>&#8222;.<\/strong><\/p>\n<p>Od vzniku v roku 1960 bolo na\u0161ou hlavnou n\u00e1pl\u0148ou najm\u00e4 poskytova\u0165 mlad\u00fdm \u013eu\u010fom pr\u00edle\u017eitosti sl\u00fa\u017ei\u0165 s Kristovou l\u00e1skou presne tak, ako n\u00e1m to Je\u017ei\u0161 prikazuje v evanjeliu pod\u013ea Marka 16:15: <i>&#8222;Cho\u010fte do cel\u00e9ho sveta a hl\u00e1sajte evanjelium v\u0161etk\u00e9mu stvoreniu&#8220;<\/i>.<\/p>\n<p>Hoci sa aj dnes na\u010falej zameriavame preva\u017ene na ml\u00e1de\u017e, na\u0161imi \u010dlenmi (zn\u00e1mymi ako &#8222;<i>YWAM\u00e1ci<\/i>&#8222;) s\u00fa u\u017e \u013eudia v takmer ka\u017edom veku. Mnoh\u00e9 z na\u0161ich kr\u00e1tkodob\u00fdch programov medzi\u010dasom prer\u00e1stli na dlhodob\u00e9 a zasiahli nielen \u017eivoty jednotlivcov, ale aj cel\u00fdch n\u00e1rodov.<\/p>\n<p><b>YWAM <\/b>m\u00e1 decentralizovan\u00fa \u0161trukt\u00faru, \u010d\u00edm vytv\u00e1ra priestor pre nov\u00e9 v\u00edzie a h\u013eadanie nov\u00fdch sp\u00f4sobov na zasiahnutie \u017eivotov prostredn\u00edctvom vzdel\u00e1vania, evanjeliz\u00e1cie a pomoci \u013eu\u010fom v n\u00fadzi. V s\u00fa\u010dasnosti je n\u00e1s celosvetovo viac ako 20-tis\u00edc a sme akt\u00edvni vo vy\u0161e 1200 lokalit\u00e1ch vo viac ako 180 krajin\u00e1ch sveta.<\/p>\n<p><a href=\"\/about-us\/ywam\/purposes-and-values\/\">Viac o na\u0161om poslan\u00ed, cie\u013eoch a hodnot\u00e1ch.<\/a><\/p>\n<\/div><div class=\"fusion-clearfix\"><\/div><\/div><\/div><\/div><\/div><div class=\"fusion-fullwidth fullwidth-box fusion-builder-row-5 fusion-flex-container nonhundred-percent-fullwidth non-hundred-percent-height-scrolling\" style=\"--awb-border-radius-top-left:0px;--awb-border-radius-top-right:0px;--awb-border-radius-bottom-right:0px;--awb-border-radius-bottom-left:0px;--awb-flex-wrap:wrap;\" ><div class=\"fusion-builder-row fusion-row fusion-flex-align-items-flex-start fusion-flex-content-wrap\" style=\"max-width:1066px;margin-left: calc(-4% \/ 2 );margin-right: calc(-4% \/ 2 );\"><div class=\"fusion-layout-column fusion_builder_column fusion-builder-column-4 fusion_builder_column_1_1 1_1 fusion-flex-column\" style=\"--awb-bg-size:cover;--awb-width-large:100%;--awb-margin-top-large:0px;--awb-spacing-right-large:1.92%;--awb-margin-bottom-large:0px;--awb-spacing-left-large:1.92%;--awb-width-medium:100%;--awb-spacing-right-medium:1.92%;--awb-spacing-left-medium:1.92%;--awb-width-small:100%;--awb-spacing-right-small:1.92%;--awb-spacing-left-small:1.92%;\"><div class=\"fusion-column-wrapper fusion-flex-justify-content-flex-start fusion-content-layout-column\"><div class=\"fusion-text fusion-text-5\"><\/div><\/div><\/div><\/div><\/div><div class=\"fusion-fullwidth fullwidth-box fusion-builder-row-6 fusion-flex-container nonhundred-percent-fullwidth non-hundred-percent-height-scrolling\" style=\"--awb-border-radius-top-left:0px;--awb-border-radius-top-right:0px;--awb-border-radius-bottom-right:0px;--awb-border-radius-bottom-left:0px;--awb-flex-wrap:wrap;\" ><div class=\"fusion-builder-row fusion-row fusion-flex-align-items-flex-start fusion-flex-content-wrap\" style=\"max-width:1066px;margin-left: calc(-4% \/ 2 );margin-right: calc(-4% \/ 2 );\"><div class=\"fusion-layout-column fusion_builder_column fusion-builder-column-5 fusion_builder_column_1_1 1_1 fusion-flex-column\" style=\"--awb-bg-size:cover;--awb-width-large:100%;--awb-margin-top-large:0px;--awb-spacing-right-large:1.92%;--awb-margin-bottom-large:0px;--awb-spacing-left-large:1.92%;--awb-width-medium:100%;--awb-spacing-right-medium:1.92%;--awb-spacing-left-medium:1.92%;--awb-width-small:100%;--awb-spacing-right-small:1.92%;--awb-spacing-left-small:1.92%;\"><div class=\"fusion-column-wrapper fusion-flex-justify-content-flex-start fusion-content-layout-column\"><div class=\"fusion-text fusion-text-6\"><p><\/p>\n<\/div><\/div><\/div><\/div><\/div><\/p>","protected":false},"excerpt":{"rendered":"","protected":false},"author":2,"featured_media":694,"parent":0,"menu_order":24,"comment_status":"closed","ping_status":"closed","template":"","meta":{"footnotes":""},"class_list":["post-120","page","type-page","status-publish","has-post-thumbnail","hentry"],"aioseo_notices":[],"_links":{"self":[{"href":"https:\/\/www.ywam.sk\/sk\/wp-json\/wp\/v2\/pages\/120"}],"collection":[{"href":"https:\/\/www.ywam.sk\/sk\/wp-json\/wp\/v2\/pages"}],"about":[{"href":"https:\/\/www.ywam.sk\/sk\/wp-json\/wp\/v2\/types\/page"}],"author":[{"embeddable":true,"href":"https:\/\/www.ywam.sk\/sk\/wp-json\/wp\/v2\/users\/2"}],"replies":[{"embeddable":true,"href":"https:\/\/www.ywam.sk\/sk\/wp-json\/wp\/v2\/comments?post=120"}],"version-history":[{"count":10,"href":"https:\/\/www.ywam.sk\/sk\/wp-json\/wp\/v2\/pages\/120\/revisions"}],"predecessor-version":[{"id":13704,"href":"https:\/\/www.ywam.sk\/sk\/wp-json\/wp\/v2\/pages\/120\/revisions\/13704"}],"wp:featuredmedia":[{"embeddable":true,"href":"https:\/\/www.ywam.sk\/sk\/wp-json\/"}],"wp:attachment":[{"href":"https:\/\/www.ywam.sk\/sk\/wp-json\/wp\/v2\/media?parent=120"}],"curies":[{"name":"wp","href":"https:\/\/api.w.org\/{rel}","templated":true}]}}