{"id":11842,"date":"2014-01-09T01:21:07","date_gmt":"2014-01-09T00:21:07","guid":{"rendered":"http:\/\/ywam.sk\/new\/?page_id=20"},"modified":"2025-12-15T17:04:09","modified_gmt":"2025-12-15T16:04:09","slug":"donate","status":"publish","type":"page","link":"https:\/\/www.ywam.sk\/sk\/donate\/","title":{"rendered":"Podporte YWAM Slovensko"},"content":{"rendered":"<p><div class=\"fusion-fullwidth fullwidth-box fusion-builder-row-1 fusion-flex-container nonhundred-percent-fullwidth non-hundred-percent-height-scrolling\" style=\"--awb-border-radius-top-left:0px;--awb-border-radius-top-right:0px;--awb-border-radius-bottom-right:0px;--awb-border-radius-bottom-left:0px;--awb-flex-wrap:wrap;\" ><div class=\"fusion-builder-row fusion-row fusion-flex-align-items-flex-start fusion-flex-content-wrap\" style=\"max-width:1066px;margin-left: calc(-4% \/ 2 );margin-right: calc(-4% \/ 2 );\"><div class=\"fusion-layout-column fusion_builder_column fusion-builder-column-0 fusion_builder_column_1_1 1_1 fusion-flex-column\" style=\"--awb-bg-size:cover;--awb-width-large:100%;--awb-margin-top-large:0px;--awb-spacing-right-large:1.92%;--awb-margin-bottom-large:0px;--awb-spacing-left-large:1.92%;--awb-width-medium:100%;--awb-spacing-right-medium:1.92%;--awb-spacing-left-medium:1.92%;--awb-width-small:100%;--awb-spacing-right-small:1.92%;--awb-spacing-left-small:1.92%;\"><div class=\"fusion-column-wrapper fusion-flex-justify-content-flex-start fusion-content-layout-column\"><div class=\"fusion-text fusion-text-1\"><\/div><\/div><\/div><\/div><\/div><div class=\"fusion-fullwidth fullwidth-box fusion-builder-row-2 fusion-flex-container nonhundred-percent-fullwidth non-hundred-percent-height-scrolling\" style=\"--awb-border-radius-top-left:0px;--awb-border-radius-top-right:0px;--awb-border-radius-bottom-right:0px;--awb-border-radius-bottom-left:0px;--awb-flex-wrap:wrap;\" ><div class=\"fusion-builder-row fusion-row fusion-flex-align-items-flex-start fusion-flex-content-wrap\" style=\"max-width:1066px;margin-left: calc(-4% \/ 2 );margin-right: calc(-4% \/ 2 );\"><div class=\"fusion-layout-column fusion_builder_column fusion-builder-column-1 fusion_builder_column_1_1 1_1 fusion-flex-column\" style=\"--awb-bg-size:cover;--awb-width-large:100%;--awb-margin-top-large:0px;--awb-spacing-right-large:1.92%;--awb-margin-bottom-large:0px;--awb-spacing-left-large:1.92%;--awb-width-medium:100%;--awb-spacing-right-medium:1.92%;--awb-spacing-left-medium:1.92%;--awb-width-small:100%;--awb-spacing-right-small:1.92%;--awb-spacing-left-small:1.92%;\"><div class=\"fusion-column-wrapper fusion-flex-justify-content-flex-start fusion-content-layout-column\"><div class=\"fusion-text fusion-text-2\"><\/div><\/div><\/div><\/div><\/div><div class=\"fusion-fullwidth fullwidth-box fusion-builder-row-3 hundred-percent-fullwidth non-hundred-percent-height-scrolling\" style=\"--awb-border-radius-top-left:0px;--awb-border-radius-top-right:0px;--awb-border-radius-bottom-right:0px;--awb-border-radius-bottom-left:0px;--awb-overflow:visible;--awb-flex-wrap:wrap;\" ><div class=\"fusion-builder-row fusion-row\"><div class=\"fusion-layout-column fusion_builder_column fusion-builder-column-2 fusion_builder_column_1_1 1_1 fusion-one-full fusion-column-first fusion-column-last fusion-column-no-min-height\" style=\"--awb-bg-size:cover;\"><div class=\"fusion-column-wrapper fusion-flex-column-wrapper-legacy\"><div class=\"fusion-text fusion-text-3\"><p>YWAM Slovensko je dobrovo\u013en\u00edcka a neziskov\u00e1 organiz\u00e1cia. V\u0161etky na\u0161e projekty s\u00fa postaven\u00e9 na partnerstve s \u013eu\u010fmi, ktor\u00ed sa na ich realiz\u00e1cii podie\u013eaj\u00fa prakticky alebo finan\u010dn\u00fdm pr\u00edspevkom.<\/p>\n<p>Ve\u013ea preto pre n\u00e1s znamen\u00e1 ak\u00fdko\u013evek finan\u010dn\u00fd, jednorazov\u00fd alebo pravideln\u00fd dar.<\/p>\n<p><strong>Mo\u017enos\u0165 darovania prostredn\u00edctvom PayPal alebo kreditnej\/debetnej karty:<\/strong><\/p>\n<\/div><div class=\"fusion-builder-row fusion-builder-row-inner fusion-row\"><div class=\"fusion-layout-column fusion_builder_column_inner fusion-builder-nested-column-0 fusion_builder_column_inner_1_2 1_2 fusion-one-half fusion-column-first\" style=\"--awb-bg-size:cover;width:50%;width:calc(50% - ( ( 4% ) * 0.5 ) );margin-right: 4%;\"><div class=\"fusion-column-wrapper fusion-column-has-shadow fusion-flex-column-wrapper-legacy\"><div class=\"fusion-aligncenter\"><a class=\"fusion-button button-flat fusion-button-default-size button-default fusion-button-default button-1 fusion-button-default-span fusion-button-default-type fusion-animated\" style=\"--button-border-radius-top-left:8px;--button-border-radius-top-right:8px;--button-border-radius-bottom-right:8px;--button-border-radius-bottom-left:8px;\" data-animationType=\"bounceInLeft\" data-animationDuration=\"0.3\" data-animationOffset=\"top-into-view\" target=\"_blank\" rel=\"noopener noreferrer\" href=\"https:\/\/www.paypal.com\/cgi-bin\/webscr?cmd=_s-xclick&amp;hosted_button_id=6FW394AYEAAHW\"><span class=\"fusion-button-text\">DARUJ PRE YWAM<\/span><\/a><\/div><div class=\"fusion-clearfix\"><\/div><\/div><\/div><div class=\"fusion-layout-column fusion_builder_column_inner fusion-builder-nested-column-1 fusion_builder_column_inner_1_2 1_2 fusion-one-half fusion-column-last\" style=\"--awb-bg-size:cover;width:50%;width:calc(50% - ( ( 4% ) * 0.5 ) );\"><div class=\"fusion-column-wrapper fusion-column-has-shadow fusion-flex-column-wrapper-legacy\"><div class=\"fusion-image-element fusion-image-align-center in-legacy-container\" style=\"text-align:center;--awb-caption-title-font-family:var(--h2_typography-font-family);--awb-caption-title-font-weight:var(--h2_typography-font-weight);--awb-caption-title-font-style:var(--h2_typography-font-style);--awb-caption-title-size:var(--h2_typography-font-size);--awb-caption-title-transform:var(--h2_typography-text-transform);--awb-caption-title-line-height:var(--h2_typography-line-height);--awb-caption-title-letter-spacing:var(--h2_typography-letter-spacing);\"><div class=\"imageframe-align-center\"><span class=\" fusion-imageframe imageframe-none imageframe-1 hover-type-none\"><a class=\"fusion-no-lightbox\" href=\"https:\/\/www.paypal.com\/cgi-bin\/webscr?cmd=_s-xclick&amp;hosted_button_id=6FW394AYEAAHW\" target=\"_self\" aria-label=\"PaypalYWAM_donationQR\"><img decoding=\"async\" width=\"160\" height=\"160\" src=\"https:\/\/www.ywam.sk\/wp-content\/uploads\/2022\/02\/PaypalYWAM_donationQR.png\" alt class=\"img-responsive wp-image-13538\" srcset=\"https:\/\/www.ywam.sk\/wp-content\/uploads\/2022\/02\/PaypalYWAM_donationQR-66x66.png 66w, https:\/\/www.ywam.sk\/wp-content\/uploads\/2022\/02\/PaypalYWAM_donationQR-150x150.png 150w, https:\/\/www.ywam.sk\/wp-content\/uploads\/2022\/02\/PaypalYWAM_donationQR.png 160w\" sizes=\"(max-width: 160px) 100vw, 160px\" \/><\/a><\/span><\/div><\/div><div class=\"fusion-clearfix\"><\/div><\/div><\/div><\/div><div class=\"fusion-sep-clear\"><\/div><div class=\"fusion-separator fusion-full-width-sep\" style=\"margin-left: auto;margin-right: auto;width:100%;\"><\/div><div class=\"fusion-sep-clear\"><\/div><div class=\"fusion-text fusion-text-4\"><h3 class=\"\" style=\"--fontsize: 44; line-height: 1.34;\" data-fontsize=\"44\" data-lineheight=\"58.96px\"><strong>Prem\u00fd\u0161\u013eate koho podpori\u0165 svojimi 2%?<\/strong><\/h3>\n<div style=\"width: 1025px;\" class=\"wp-video\"><!--[if lt IE 9]><script>document.createElement('video');<\/script><![endif]-->\n<video class=\"wp-video-shortcode\" id=\"video-11842-1\" width=\"1025\" height=\"577\" preload=\"metadata\" controls=\"controls\"><source type=\"video\/mp4\" src=\"https:\/\/www.ywam.sk\/wp-content\/uploads\/2022video2perc.mp4?_=1\" \/><a href=\"https:\/\/www.ywam.sk\/wp-content\/uploads\/2022video2perc.mp4\">https:\/\/www.ywam.sk\/wp-content\/uploads\/2022video2perc.mp4<\/a><\/video><\/div>\n<h4 class=\"\" style=\"--fontsize: 39; line-height: 1.38; --minfontsize: 39;\" data-fontsize=\"39\" data-lineheight=\"53.82px\"><span style=\"background-color: rgba(255, 255, 255, 0); color: var(--body_typography-color); font-family: var(--body_typography-font-family); font-size: var(--body_typography-font-size); font-style: var(--body_typography-font-style,normal); font-weight: var(--body_typography-font-weight); letter-spacing: var(--body_typography-letter-spacing);\">Detaily o pr\u00edjemcovi 2%:<\/span><\/h4>\n<p><strong>Youth With A Mission (YWAM)<\/strong>, ob\u010dianske zdru\u017eenie<\/p>\n<p>Ondrejsk\u00e1 371\/6<br \/>\n97662 Brusno<br \/>\nI\u010cO: 31786090<br \/>\nDI\u010c: 2021335998<\/p>\n<p>Bankov\u00e9 spojenie:<\/p>\n<p><strong>IBAN:<\/strong> SK74 1100 0000 0026 2873 4965<br \/>\n<strong>SWIFT\/BIC:<\/strong> TATRSKBX<\/p>\n<p><strong>Tatra Banka a.s.<\/strong><br \/>\n<strong>Dr\u017eite\u013e \u00fa\u010dtu:<\/strong> Youth With A Mission (YWAM)<\/p>\n<p><img decoding=\"async\" class=\"alignnone wp-image-14024\" src=\"https:\/\/www.ywam.sk\/wp-content\/uploads\/2025\/12\/bySquare_YWAM_TB965_dar.png\" alt=\"\" width=\"183\" height=\"214\" srcset=\"https:\/\/www.ywam.sk\/wp-content\/uploads\/2025\/12\/bySquare_YWAM_TB965_dar-200x234.png 200w, https:\/\/www.ywam.sk\/wp-content\/uploads\/2025\/12\/bySquare_YWAM_TB965_dar-256x300.png 256w, https:\/\/www.ywam.sk\/wp-content\/uploads\/2025\/12\/bySquare_YWAM_TB965_dar-400x469.png 400w, https:\/\/www.ywam.sk\/wp-content\/uploads\/2025\/12\/bySquare_YWAM_TB965_dar.png 512w\" sizes=\"(max-width: 183px) 100vw, 183px\" \/><\/p>\n<p>Pokia\u013e je v\u00e1\u0161 dar pre centrum Lu\u010dat\u00edn, konkr\u00e9tny projekt\/osobu, alebo na v\u0161eobecn\u00fd \u00fa\u010del, dajte n\u00e1m to pros\u00edm vedie\u0165 v popise platby alebo individul\u00e1lnym emailom. \u010eakujeme!<b><\/b><\/p>\n<\/div><div class=\"fusion-clearfix\"><\/div><\/div><\/div><\/div><\/div><div class=\"fusion-fullwidth fullwidth-box fusion-builder-row-4 fusion-flex-container nonhundred-percent-fullwidth non-hundred-percent-height-scrolling\" style=\"--awb-border-radius-top-left:0px;--awb-border-radius-top-right:0px;--awb-border-radius-bottom-right:0px;--awb-border-radius-bottom-left:0px;--awb-flex-wrap:wrap;\" ><div class=\"fusion-builder-row fusion-row fusion-flex-align-items-flex-start fusion-flex-content-wrap\" style=\"max-width:1066px;margin-left: calc(-4% \/ 2 );margin-right: calc(-4% \/ 2 );\"><div class=\"fusion-layout-column fusion_builder_column fusion-builder-column-3 fusion_builder_column_1_1 1_1 fusion-flex-column\" style=\"--awb-bg-size:cover;--awb-width-large:100%;--awb-margin-top-large:0px;--awb-spacing-right-large:1.92%;--awb-margin-bottom-large:0px;--awb-spacing-left-large:1.92%;--awb-width-medium:100%;--awb-spacing-right-medium:1.92%;--awb-spacing-left-medium:1.92%;--awb-width-small:100%;--awb-spacing-right-small:1.92%;--awb-spacing-left-small:1.92%;\"><div class=\"fusion-column-wrapper fusion-flex-justify-content-flex-start fusion-content-layout-column\"><div class=\"fusion-text fusion-text-5\"><\/div><\/div><\/div><\/div><\/div><div class=\"fusion-fullwidth fullwidth-box fusion-builder-row-5 fusion-flex-container nonhundred-percent-fullwidth non-hundred-percent-height-scrolling\" style=\"--awb-border-radius-top-left:0px;--awb-border-radius-top-right:0px;--awb-border-radius-bottom-right:0px;--awb-border-radius-bottom-left:0px;--awb-flex-wrap:wrap;\" ><div class=\"fusion-builder-row fusion-row fusion-flex-align-items-flex-start fusion-flex-content-wrap\" style=\"max-width:1066px;margin-left: calc(-4% \/ 2 );margin-right: calc(-4% \/ 2 );\"><div class=\"fusion-layout-column fusion_builder_column fusion-builder-column-4 fusion_builder_column_1_1 1_1 fusion-flex-column\" style=\"--awb-bg-size:cover;--awb-width-large:100%;--awb-margin-top-large:0px;--awb-spacing-right-large:1.92%;--awb-margin-bottom-large:0px;--awb-spacing-left-large:1.92%;--awb-width-medium:100%;--awb-spacing-right-medium:1.92%;--awb-spacing-left-medium:1.92%;--awb-width-small:100%;--awb-spacing-right-small:1.92%;--awb-spacing-left-small:1.92%;\"><div class=\"fusion-column-wrapper fusion-flex-justify-content-flex-start fusion-content-layout-column\"><div class=\"fusion-text fusion-text-6\"><\/div><\/div><\/div><\/div><\/div><\/p>","protected":false},"excerpt":{"rendered":"","protected":false},"author":6,"featured_media":694,"parent":0,"menu_order":51,"comment_status":"closed","ping_status":"closed","template":"","meta":{"footnotes":""},"class_list":["post-11842","page","type-page","status-publish","has-post-thumbnail","hentry"],"aioseo_notices":[],"_links":{"self":[{"href":"https:\/\/www.ywam.sk\/sk\/wp-json\/wp\/v2\/pages\/11842"}],"collection":[{"href":"https:\/\/www.ywam.sk\/sk\/wp-json\/wp\/v2\/pages"}],"about":[{"href":"https:\/\/www.ywam.sk\/sk\/wp-json\/wp\/v2\/types\/page"}],"author":[{"embeddable":true,"href":"https:\/\/www.ywam.sk\/sk\/wp-json\/wp\/v2\/users\/6"}],"replies":[{"embeddable":true,"href":"https:\/\/www.ywam.sk\/sk\/wp-json\/wp\/v2\/comments?post=11842"}],"version-history":[{"count":11,"href":"https:\/\/www.ywam.sk\/sk\/wp-json\/wp\/v2\/pages\/11842\/revisions"}],"predecessor-version":[{"id":14025,"href":"https:\/\/www.ywam.sk\/sk\/wp-json\/wp\/v2\/pages\/11842\/revisions\/14025"}],"wp:featuredmedia":[{"embeddable":true,"href":"https:\/\/www.ywam.sk\/sk\/wp-json\/"}],"wp:attachment":[{"href":"https:\/\/www.ywam.sk\/sk\/wp-json\/wp\/v2\/media?parent=11842"}],"curies":[{"name":"wp","href":"https:\/\/api.w.org\/{rel}","templated":true}]}}