{"id":106,"date":"2014-01-09T22:27:06","date_gmt":"2014-01-09T21:27:06","guid":{"rendered":"http:\/\/ywam.sk\/new\/?page_id=106"},"modified":"2022-02-23T21:41:46","modified_gmt":"2022-02-23T20:41:46","slug":"purposes-and-values","status":"publish","type":"page","link":"https:\/\/www.ywam.sk\/sk\/about-us\/ywam\/purposes-and-values\/","title":{"rendered":"Poslanie a hodnoty YWAM"},"content":{"rendered":"<p><div class=\"fusion-fullwidth fullwidth-box fusion-builder-row-1 hundred-percent-fullwidth non-hundred-percent-height-scrolling\" style=\"--awb-border-radius-top-left:0px;--awb-border-radius-top-right:0px;--awb-border-radius-bottom-right:0px;--awb-border-radius-bottom-left:0px;--awb-overflow:visible;--awb-flex-wrap:wrap;\" ><div class=\"fusion-builder-row fusion-row\"><div class=\"fusion-layout-column fusion_builder_column fusion-builder-column-0 fusion_builder_column_1_1 1_1 fusion-one-full fusion-column-first fusion-column-last fusion-column-no-min-height\" style=\"--awb-bg-size:cover;\"><div class=\"fusion-column-wrapper fusion-flex-column-wrapper-legacy\">\n<p>Na\u0161im poslan\u00edm je zvestova\u0165 evanjelium Je\u017ei\u0161a Krista tejto gener\u00e1cii osobne, ako aj mobilizova\u0165 \u013eud\u00ed k naplneniu tohoto poslania; tr\u00e9nova\u0165 a vystroji\u0165 veriacich na ich konkr\u00e9tnom mieste v spolo\u010dnosti pri nap\u013a\u0148an\u00ed ve\u013ek\u00e9ho poslania. Ako ob\u010dania Bo\u017eieho kr\u00e1\u013eovstva sme povolan\u00ed milova\u0165, uctieva\u0165 a pozn\u00e1va\u0165 n\u00e1\u0161ho P\u00e1na, milova\u0165 a sl\u00fa\u017ei\u0165 Jeho Telu, cirkvi, a zvestova\u0165 cel\u00e9 evanjelium stvoreniu po celom svete.<\/p>\n<p>Ako <strong>Youth With A Mission<\/strong> (Ml\u00e1de\u017e s misiou) ver\u00edme, \u017ee Biblia je in\u0161pirovan\u00e1 Bohom a je zjaven\u00fdm slovom, ktor\u00e9 n\u00e1m ukazuje, \u017ee Je\u017ei\u0161 Kristus je Bo\u017e\u00ed syn.<\/p>\n<p>Ver\u00edme, \u017ee \u013eudia s\u00fa stvoren\u00ed na Bo\u017e\u00ed obraz a \u017ee On n\u00e1s stvoril, aby sme mali ve\u010dn\u00fd \u017eivot skrze Je\u017ei\u0161a Krista.<\/p>\n<p>Ver\u00edme, \u017ee ka\u017ed\u00fd \u010dlovek zhre\u0161il a stratil podiel na Bo\u017eej sl\u00e1ve, Boh ale priniesol sp\u00e1su skrze smr\u0165 na kr\u00ed\u017ei a zm\u0155tvychvstanie Je\u017ei\u0161a Krista.<\/p>\n<p><span style=\"line-height: 1.5;\">Ver\u00edme, \u017ee pok\u00e1nie, viera, l\u00e1ska a poslu\u0161nos\u0165 s\u00fa spr\u00e1vnymi odpove\u010fami na podnet Bo\u017eej milosti k n\u00e1m.\u00a0<\/span><\/p>\n<p>Ver\u00edme, \u017ee Boh t\u00fa\u017ei po tom, aby boli v\u0161etci \u013eudia spasen\u00ed a spoznali pravdu.<\/p>\n<p>Ver\u00edme, \u017ee moc Ducha Sv\u00e4t\u00e9ho sa prejavuje v n\u00e1s a skrze n\u00e1s na vykonanie Kristovho posledn\u00e9ho prik\u00e1zania:<\/p>\n<p style=\"text-align: center;\">&#8222;<em>Cho\u010fte do cel\u00e9ho sveta a hl\u00e1sajte evanjelium cel\u00e9mu stvoreniu.<\/em>&#8220;<br \/>\n(Marek 16:15)<\/p>\n<h2><strong>Z\u00e1kladn\u00e9 hodnoty YWAM<img decoding=\"async\" class=\"alignright wp-image-12200\" src=\"http:\/\/www.ywam.sk\/wp-content\/uploads\/2015\/06\/ywamvalues.jpg\" alt=\"ywamvalues\" width=\"400\" height=\"300\" \/><\/strong><\/h2>\n<h3><strong>1. Poznanie Boha<\/strong><\/h3>\n<p>YWAM sa zasadzuje pozna\u0165 Boha, Jeho prirodzenos\u0165, Jeho charakter, Jeho sp\u00f4soby zjaven\u00e9 v\u00a0Biblii, in\u0161pirovanom a\u00a0smerodajnom Bo\u017eom Slove.\u00a0 H\u013ead\u00e1me ako\u00a0 odr\u00e1\u017ea\u0165 v\u00a0na\u0161ich \u017eivotoch a\u00a0slu\u017ebe k\u00fdm \u00a0On je,\u00a0 z\u00a0ka\u017ed\u00e9ho h\u013eadiska.\u00a0 Pozn\u00e1vanie a\u00a0pote\u0161enie zo vz\u0165ahu s\u00a0Bohom je samozrejmou pretekaj\u00facou riavou t\u00fa\u017eby podeli\u0165 sa o\u00a0to s\u00a0druh\u00fdmi.<br \/>\n(2 Kr 19,19; Job 42,5; \u017d 46,10; \u017d 103,7-13; Jer 9,23\u201324; Oz 6,3; Ef 1,16\u201317; Flp 3,7-11; 1Jn 2,4-6;)<\/p>\n<p>&nbsp;<\/p>\n<h3><strong>2. Ohlasovanie Boha druh\u00fdm<\/strong><\/h3>\n<p>YWAM je povolan\u00fd k tomu,\u00a0 aby bol Boh poznan\u00fd po celej zemi a v ka\u017edej oblasti spolo\u010dnosti\u00a0 skrze hl\u00e1sanie evanjelia, u\u010den\u00edctvo a slu\u017ebu milosrdenstva.\u00a0 Ver\u00edme, \u017ee sp\u00e1sa du\u0161\u00ed \u00a0by mala\u00a0 ma\u0165 d\u00f4sledok v transform\u00e1cii\u00a0 spolo\u010dnost\u00ed\u00a0 t\u00fdch, ktor\u00ed s\u00fa poslu\u0161n\u00ed\u00a0 Je\u017ei\u0161ovmu prik\u00e1zaniu \u010dini\u0165 u\u010den\u00edkov zo v\u0161etk\u00fdch n\u00e1rodov.<br \/>\n(1 Krn 16,24-27; \u017d 68,11; \u017d 71,15-16; \u017d 145,4-7; MT 28,18-20; Mk 16,15; Sk 1,8; Sk 13,1-4a; Rim 10,8-15; Rim 15,18-21;)<\/p>\n<p>&nbsp;<\/p>\n<h3><strong>3. Po\u010d\u00favanie Bo\u017eieho hlasu<\/strong><\/h3>\n<p>YWAM sa zasadzuje k\u00a0tvoreniu s\u00a0Bohom skrze na\u010d\u00favanie Mu, modliac sa Jeho modlitby a\u00a0posl\u00fachaj\u00fac Jeho prik\u00e1zania bez oh\u013eadu, \u010di s\u00fa mal\u00e9, alebo ve\u013ek\u00e9.\u00a0 Z\u00e1vis\u00edme na po\u010d\u00favan\u00ed Jeho hlasu ako jednotlivci,\u00a0 spolo\u010dne v\u00a0t\u00edme a\u00a0 jeho kontexte, \u00a0aj vo v\u00e4\u010d\u0161\u00edch\u00a0 organiza\u010dn\u00fdch hromadn\u00fdch zhroma\u017edeniach, tak aj v\u00a0na\u0161om celkovom \u00a0procese konania rozhodnut\u00ed.<br \/>\n(1Sam 3,7-10; 2Krn 15,2-4; \u017d 25,14; Iy 6,8; Am 3,7; Lk 9,35; Jn 10,1-5; Jn 16,13-15; Hb 3,7-8,15; Zjv 2,7,11,17,27; Zjv 3,6,13,22;)<\/p>\n<p>&nbsp;<\/p>\n<h3><strong>4. \u017divotn\u00fd \u0161t\u00fdl uctievania a pr\u00edhovoru<\/strong><\/h3>\n<p>YWAM je odhodlan\u00fd uctieva\u0165 Je\u017ei\u0161a\u00a0 a nasadi\u0165 sa v pr\u00edhovornej modlitbe ako\u00a0 nedelite\u013enej\u00a0 s\u00fa\u010dasti ka\u017ed\u00e9ho d\u0148a.\u00a0 Rozpoznali sme tie\u017e z\u00e1mer satana zni\u010di\u0165 Bo\u017eie skutky a zvol\u00e1vame Bo\u017eiu moc a Ducha Sv\u00e4t\u00e9ho aby premohol jeho strat\u00e9gie v \u017eivotoch jednotlivcov ako aj v z\u00e1le\u017eitostiach n\u00e1rodov.\u00a0 (1 Sam 7,5; 2 Krn 7,4; \u017d 84,1-8; \u017d 95, 6-7; \u017d 100, 1-5; Mk 11,24-25; Sk 1,14; Ef 6,13-20; 1 Sol 5,16-19; 1Tim 2,1-4;)<\/p>\n<p>&nbsp;<\/p>\n<h3><strong>5. Vizion\u00e1rstvo<\/strong><\/h3>\n<p>YWAM je povolan\u00fd by\u0165 \u00a0vizion\u00e1rsky, ustavi\u010dne prij\u00edmaj\u00fac,\u00a0 vy\u017eivuj\u00fac, \u00a0\u00a0a uvo\u013e\u0148uj\u00fac\u00a0\u00a0 \u010derstv\u00fa v\u00edziu od Boha.\u00a0 Podporujeme priekopn\u00edctvo nov\u00fdch slu\u017eieb\u00a0 a met\u00f3d, v\u017edy ochotn\u00ed by\u0165 z\u00e1sadn\u00ed v poriadku toho, aby sme boli relevantn\u00ed\u00a0 vo\u010di v\u0161etk\u00fdm gener\u00e1ci\u00e1m, skupin\u00e1m \u013eud\u00ed a sf\u00e9ram spolo\u010dnosti. Ver\u00edme, \u017ee apo\u0161tolsk\u00e9 povolanie YWAM vy\u017eaduje spojenie duchovn\u00e9ho \u00faradu star\u0161\u00edch, slobodu v Duchu a vz\u0165ah, centrovan\u00fd na Bo\u017eie Slovo.<br \/>\n(Nm 12,6; 1 Sam 12,16; Pr\u00edsl 29,18; Ey 1,1; Hab 2,2-3; Mk 1,35-39; Lk 9,1-6; Sk 16,9-10; Sk 26,19; 2 Pt 3, 9-13;)<\/p>\n<p>&nbsp;<\/p>\n<h3><strong>6. Presadzovanie mlad\u00fdch \u013eud\u00ed<\/strong><\/h3>\n<p>YWAM je povolan\u00fd presadzova\u0165 ml\u00e1de\u017e.\u00a0 Ver\u00edme, \u017ee Boh obdaroval a\u00a0povolal mlad\u00fdch \u013eud\u00ed by\u0165 priekopn\u00edkmi v\u00edzi\u00ed a\u00a0slu\u017eieb. Zasadzujeme sa\u00a0 v tom, aby sme ich ocenili,\u00a0 vycvi\u010dili,\u00a0 podporili,\u00a0 d\u00f4verovali im,\u00a0 aby sme im vytvorili priestor\u00a0 a\u00a0uvo\u013enili ich. Oni nie s\u00fa len cirkvou bud\u00facnosti, oni s\u00fa cirkvou dne\u0161ka. Zav\u00e4zujeme sa nasledova\u0165\u00a0 ich vedenie pod\u013ea v\u00f4le Boha. (1Sam 17,32-50; Kaz 12,1-7; Jer 1,5-10; Dan 1,17-20; Joel 2,28; Jn 6,9; Sk 16,1-5; 1Tim 4,12-16; 1Jn 2,12-14;)<\/p>\n<p>&nbsp;<\/p>\n<h3><strong>7. Vo\u013ena \u0161trukt\u00fara a decentralizovanos\u0165<\/strong><\/h3>\n<p>YWAM je vo\u013ene \u0161trukt\u00farovan\u00fd a\u00a0rozmanit\u00fd, predsa\u00a0 jednotn\u00fd.\u00a0 Sme glob\u00e1lna rodina slu\u017eieb, dr\u017ean\u00e1 spolu zdie\u013ean\u00fdmi z\u00e1kladn\u00fdmi zmluvami, z\u00e1mermi, v\u00edziami, hodnotami a\u00a0vz\u0165ahmi.\u00a0 Ver\u00edme, \u017ee \u0161trukt\u00fary by mali sl\u00fa\u017ei\u0165 \u013eu\u010fom a\u00a0z\u00e1merom Boha. Ka\u017ed\u00e1 slu\u017eba v\u00a0ka\u017edom stupni m\u00e1 privil\u00e9gium a\u00a0zodpovednos\u0165\u00a0 povinnosti sklada\u0165 \u00fa\u010dty v\u00a0kruhu rozpoznan\u00e9ho duchovn\u00e9ho \u00faradu star\u0161\u00edch.<br \/>\n(Ex 18,13-26; Nm 1,16-19; Nm 11,16-17,24-30; Dt 29,10-13; Joz 23,1-24,28; Sk 14,23; Sk 15,1-31; 1 Kor 3,4-11;\u00a0 Tit 1,5-9; Hb 13,7,17;<\/p>\n<p>&nbsp;<\/p>\n<h3><strong>8. Medzin\u00e1rodnos\u0165 a naddenomina\u010dnos\u0165<\/strong><\/h3>\n<p>YWAM je medzin\u00e1rodn\u00fd a\u00a0naddenomina\u010dn\u00fd\u00a0 tak v\u00a0glob\u00e1lnom r\u00e1mci ako aj na \u00a0lok\u00e1lnych miestach. Ver\u00edme, \u017ee etnick\u00e1, jazykov\u00e1 a\u00a0denomina\u010dn\u00e1 rozmanitos\u0165\u00a0 spolu s\u00a0vyk\u00fapen\u00fdmi kult\u00farnymi\u00a0 prvkami\u00a0 s\u00fa pozit\u00edvne zlo\u017eky, ktor\u00e9 prispievaj\u00fa k\u00a0zdraviu a\u00a0rastu misie.<br \/>\n(Gn 12,1-4; Gn 26,2-5; \u017d 57,9-10; Jer 32,27; Dan 7,13-14; Sk 20,4; 1Kor 12,12-31; Ef 4,1-16; Kol 3,11; Zjv 7,9;)<\/p>\n<p>&nbsp;<\/p>\n<h3><strong>9. Biblick\u00fd sveton\u00e1zor<\/strong><\/h3>\n<p>YWAM je povolan\u00fd k\u00a0 biblick\u00e9mu\u00a0 kres\u0165ansk\u00e9mu poh\u013eadu na svet. Ver\u00edme, \u017ee Biblia \u2013 pr\u00edru\u010dka na cel\u00fd \u017eivot\u00a0 &#8211; \u010din\u00ed jasn\u00e9 rozdelenie medzi dobr\u00fdm a\u00a0zl\u00fdm, spr\u00e1vnym a\u00a0nespr\u00e1vnym. Praktick\u00e9 oblasti \u017eivota nie s\u00fa menej duchovn\u00e9 ako slu\u017eba a\u00a0jej vyjadrenia.\u00a0 V\u0161etko vykonan\u00e9 v\u00a0poslu\u0161nosti Bohu je duchovn\u00e9.\u00a0 H\u013ead\u00e1me,\u00a0 ako da\u0165 Bohu poctu skrze v\u0161etko, \u010do kon\u00e1me,\u00a0 zabezpe\u010dovan\u00edm\u00a0 v\u00fdbavy\u00a0 v\u00fdstroje a\u00a0mobilizovan\u00edm Bo\u017e\u00edch mu\u017eov a\u00a0\u017eien, aby prevzali \u00falohy slu\u017eby a\u00a0vplyvu v\u00a0ka\u017edej oblasti spolo\u010dnosti.<br \/>\n(Dt 8,1-3; Dt 32,45-47; 2Kr 22,8; \u017d 19,7-11; Lk 8,21; Jn 8,31-32; Flp 4,8-9; 2 Tim 3,16-17; Hb 4,12-13; Jk 4,17;)<\/p>\n<p>&nbsp;<\/p>\n<h3><strong>10. Pr\u00e1ca v t\u00edmoch<\/strong><\/h3>\n<p>YWAM je povolan\u00fd pracova\u0165 v\u00a0t\u00edmoch v\u00a0ka\u017edej oblasti slu\u017eby a\u00a0vodcovstva.\u00a0 Ver\u00edme, \u017ee kombin\u00e1cia vz\u00e1jomn\u00e9ho dop\u013a\u0148ania\u00a0 darov, povolan\u00ed, poh\u013eadov, slu\u017eieb a\u00a0gener\u00e1ci\u00ed, ktor\u00e9 spolo\u010dne pracuj\u00fa v\u00a0jednote vo v\u0161etk\u00fdch \u00farovniach na\u0161ej misie , prin\u00e1\u0161a m\u00fadros\u0165 a\u00a0bezpe\u010die.\u00a0 H\u013eadanie Bo\u017eej v\u00f4le a\u00a0vykon\u00e1vanie rozhodnut\u00ed v\u00a0kontexte t\u00edmu,\u00a0 dovo\u013euje\u00a0 vz\u00e1jomne si sklada\u0165\u00a0 \u00fa\u010dty \u00a0a\u00a0prispieva k\u00a0hlb\u0161\u00edm vz\u0165ahom, motiv\u00e1ci\u00e1m, zodpovednosti\u00a0 a\u00a0privlastnenia si v\u00edzie. (Dt 32,30-31; 2 Krn 17,7-9; Pr\u00edsl 15,22; Kaz 4,9-12; Mk 6,7-13; Rim 12,3-10; 2 Kor 1,24; Ef 5,21; Flp 2,1-2; 1 Pt 4,8;)<\/p>\n<p>&nbsp;<\/p>\n<h3><strong>11. Slu\u017eobn\u00e9 vodcovstvo<\/strong><\/h3>\n<p>YWAM je povolan\u00fd sk\u00f4r k\u00a0\u017eivotn\u00e9mu \u0161t\u00fdlu \u00a0slu\u017eobn\u00e9ho \u00a0vodcovstva \u00a0\u00a0ako k\u00a0hierarchick\u00e9ho. \u00a0Vodca slu\u017eobn\u00edk je ten, kto si ct\u00ed dary a\u00a0povolania t\u00fdch o\u00a0ktor\u00fdch sa m\u00e1 stara\u0165 a\u00a0str\u00e1\u017ei\u00a0 ich pr\u00e1va a\u00a0privil\u00e9gi\u00e1. \u00a0Pr\u00e1ve tak, ako sl\u00fa\u017eil Je\u017ei\u0161\u00a0 jeho u\u010den\u00edkom, pr\u00edzvukujeme d\u00f4le\u017eitos\u0165 t\u00fdch, ktor\u00ed sl\u00fa\u017eia\u00a0 zodpovednos\u0165ami vodcovstva, aby takto sl\u00fa\u017eili t\u00fdm, ktor\u00fdch ved\u00fa.<br \/>\n(Dt 10,12-13; \u017d 84,10; Iz 42,1-4; Mich 6,8; Mk 10,42-45; Jn 13,3-17; Rim 16,1-2; Gal 5,13-14; Flp 2,3-11; 1Pt 4,10-11;)<\/p>\n<p>&nbsp;<\/p>\n<h3><strong>12. Skutky predch\u00e1dzaj\u00face vyu\u010dovaniu<\/strong><\/h3>\n<p>YWAM sa zav\u00e4zuje najprv kona\u0165 a\u017e potom vyu\u010dova\u0165.\u00a0 Ver\u00edme, \u017ee sk\u00fasenos\u0165 z\u00a0prvej ruky d\u00e1va autoritu na\u0161im slov\u00e1m. Bo\u017e\u00ed charakter a\u00a0povolanie od Boha s\u00fa d\u00f4le\u017eitej\u0161ie ako dary, schopnosti a\u00a0odbornosti\u00a0 jednotlivcov. (Dt 4,5-8; Ez 7,10; \u017d 51,12-13; \u017d 119,17-18; Pr\u00edsl 1,1-4; Mt 7,28-29; Sk 1,1-2; Kol 3,12-17; 2 Tim 4,1-5; 2 Pt 1,5-10;)<\/p>\n<p>&nbsp;<\/p>\n<h3><strong>13. Orient\u00e1cia na vz\u0165ahy<\/strong><\/h3>\n<p>YWAM je oddan\u00fd tomu by\u0165 orientovan\u00fd na vz\u0165ahy v\u00a0na\u0161om \u017eit\u00ed a\u00a0spolo\u010dnom pracovan\u00ed. T\u00fa\u017eime by\u0165 zjednoten\u00ed sk\u00f4r skrze na\u0161e \u017eivoty sv\u00e4tosti, vz\u00e1jomn\u00fa podporu, transparentnos\u0165, \u013eudskos\u0165, otvoren\u00fa komunik\u00e1ciu ako z\u00e1vislosti na \u0161trukt\u00farach a\u00a0pravidl\u00e1ch.<br \/>\n(Lv 19,18; \u017d 133,1-3; Prisl 17,17;\u00a0 Pr\u00edsl 27,10; Jn 13,34-35; Jn 15,13-17; Jn 17,20-23; Rim 13,8-10; 1 Jn 1,7; 1 Jn 4,7-12;)<\/p>\n<p>&nbsp;<\/p>\n<h3><strong>14. \u00dacta k jednotlivcovi<\/strong><\/h3>\n<p>YWAM je povolan\u00fd prejavova\u0165 \u00factu ka\u017ed\u00e9mu jednotlivcovci. Ver\u00edme v rovnocenn\u00e9 mo\u017enosti a spravodlivos\u0165 pre v\u0161etk\u00fdch.\u00a0 Stvoren\u00ed na Bo\u017e\u00ed obraz, \u013eudia v\u0161etk\u00fdch n\u00e1rodnost\u00ed, veku a \u010dinnost\u00ed maj\u00fa \u00a0osobit\u00e9 pr\u00ednosy a povolania. Sme odhodlan\u00ed cti\u0165 si Bohom dan\u00e9 vodcovstvo a slu\u017eobn\u00e9 dary a to ako u mu\u017eov, tak u \u017eien.<br \/>\n(Gn 1,27; Lv 19,13-16; Dt 16,18-20; \u017d 139,13-16; Mk 8,34-37; Sk 10,34-35; Gal 3,28; Ef 6,5-9; Hb 2,11-12; Jk 2,1-9;)<\/p>\n<p>&nbsp;<\/p>\n<h3><strong>15. \u00dacta k rodine<\/strong><\/h3>\n<p>YWAM potvrdzuje d\u00f4le\u017eitos\u0165 rod\u00edn, ktor\u00e9 spolo\u010dne sl\u00fa\u017eia na misi\u00e1ch, nie iba otec a\/alebo mama. Tie\u017e zah\u0155\u0148ame rodiny s\u00a0jedn\u00fdm rodi\u010dom. \u00a0Povzbudzujeme rozvoj siln\u00fdch a\u00a0zdrav\u00fdch rodinn\u00fdch celkov, pri\u010dom ka\u017ed\u00fd \u010dlen zdie\u013ea povolanie na misie a\u00a0prispieva svojimi darmi jedine\u010dn\u00fdm a\u00a0dopl\u0148uj\u00facim sp\u00f4sobom. Zast\u00e1vame a\u00a0oslavujeme biblick\u00fd poh\u013ead, \u017ee Bo\u017e\u00ed\u00a0 \u00famysel sv\u00e4t\u00e9ho man\u017eelstva je medzi jedn\u00fdm mu\u017eom a\u00a0jednou \u017eenou.<br \/>\n(Gn 2,21-24; Gn 18,17-19; Dt 6,6-7; Prisl 5,15-23; Prisl 31,10-31; Mal 2,14-16; Mt 19,1-9; 1 Kor 7,1-16; 1 Tim 3,2-5; Hb 13,4;)<\/p>\n<p>&nbsp;<\/p>\n<h3><strong>16. Praktick\u00e1 z\u00e1vislos\u0165 na Bohu<\/strong><\/h3>\n<p>YWAM je povolan\u00fd praktizova\u0165 \u017eivot z\u00e1vislosti na Bohu vo finan\u010dnom zabezpe\u010den\u00ed.\u00a0 To prich\u00e1dza prim\u00e1rne skrze Jeho \u013eud, \u00a0tak pre jednotlivcov ako aj pre YWAM organiz\u00e1cie. Tak, ako bol Boh \u0161tedr\u00fd ku n\u00e1m, tak t\u00fa\u017eime by\u0165 \u0161tedr\u00ed.\u00a0 YWAM-\u00e1ci d\u00e1vaj\u00fa\u00a0 Bohu\u00a0 skrze misiu seba, svoj \u010das a\u00a0talenty\u00a0 bez o\u010dak\u00e1vania odmeny.<br \/>\n(Gn 22,12-14; Ex 36,2-7; Nm 18,25-29; Mal 3,8-12; Mt 6,25-33; Lk 19,8-9; 2 Kor 8,1-9,15, Flp 4,10-20; Tit 3,14; 3 Jn 5-8;)<\/p>\n<p>&nbsp;<\/p>\n<h3><strong>17. Pohostinnos\u0165<\/strong><\/h3>\n<p>YWAM potvrdzuje slu\u017ebu pohostinstva ako vyjadrenie Bo\u017eieho charakteru a\u00a0hodnoty \u013eud\u00ed. Ver\u00edme, \u017ee je d\u00f4le\u017eit\u00e9 otvori\u0165 na\u0161e srdcia, domovy, z\u00e1kladne, sl\u00fa\u017ei\u0165 a\u00a0ucti\u0165 si druh\u00e9ho , na\u0161ich host\u00ed a\u00a0chudobn\u00fdch a\u00a0n\u00fadznych nie iba ako akty spolo\u010densk\u00e9ho protokolu , ale ako vyjadrenia \u0161tedrosti.<br \/>\n(Gn 18,1-8; 2Sam 9,1-11; \u017d 68,5-6; Prisl 22,9; Iz 58,7; Mt 25,31-46; Sk 28,7-8; Rim 12,13; Hb 13,1-3; 1 Pt 4,9;)<\/p>\n<p>&nbsp;<\/p>\n<h3><strong>18. Komunik\u00e1cia v integrite<\/strong><\/h3>\n<p>YWAM potvrdzuje, \u017ee v\u0161etko existuje, preto\u017ee Boh komunikuje. Preto sa YWAM zav\u00e4zuje k\u00a0pravdivej, spr\u00e1vnej, v\u010dasnej a\u00a0relevantnej komunik\u00e1cii. Ver\u00edme, \u017ee dobr\u00e1 komunik\u00e1cia je podstatn\u00e1 pre siln\u00e9 vz\u0165ahy, zdrav\u00e9 rodiny a\u00a0komunity a\u00a0efekt\u00edvnu slu\u017ebu.<br \/>\n(Gn 1,3-5; Nm 23,19; Prisl 25,9-14; Zec 8,16-17; Mt 5,33-37; Lk 4,16-22; Jn 1,1-5; Kol 4,6; Jam 3,1-18)<\/p>\n<div class=\"fusion-clearfix\"><\/div><\/div><\/div><\/div><\/div><\/p>","protected":false},"excerpt":{"rendered":"","protected":false},"author":2,"featured_media":0,"parent":13232,"menu_order":28,"comment_status":"closed","ping_status":"closed","template":"","meta":{"footnotes":""},"class_list":["post-106","page","type-page","status-publish","hentry"],"aioseo_notices":[],"_links":{"self":[{"href":"https:\/\/www.ywam.sk\/sk\/wp-json\/wp\/v2\/pages\/106"}],"collection":[{"href":"https:\/\/www.ywam.sk\/sk\/wp-json\/wp\/v2\/pages"}],"about":[{"href":"https:\/\/www.ywam.sk\/sk\/wp-json\/wp\/v2\/types\/page"}],"author":[{"embeddable":true,"href":"https:\/\/www.ywam.sk\/sk\/wp-json\/wp\/v2\/users\/2"}],"replies":[{"embeddable":true,"href":"https:\/\/www.ywam.sk\/sk\/wp-json\/wp\/v2\/comments?post=106"}],"version-history":[{"count":7,"href":"https:\/\/www.ywam.sk\/sk\/wp-json\/wp\/v2\/pages\/106\/revisions"}],"predecessor-version":[{"id":13535,"href":"https:\/\/www.ywam.sk\/sk\/wp-json\/wp\/v2\/pages\/106\/revisions\/13535"}],"up":[{"embeddable":true,"href":"https:\/\/www.ywam.sk\/sk\/wp-json\/wp\/v2\/pages\/13232"}],"wp:attachment":[{"href":"https:\/\/www.ywam.sk\/sk\/wp-json\/wp\/v2\/media?parent=106"}],"curies":[{"name":"wp","href":"https:\/\/api.w.org\/{rel}","templated":true}]}}